{"id":233454,"date":"2023-08-04T12:33:52","date_gmt":"2023-08-04T10:33:52","guid":{"rendered":"https:\/\/www.sicomsys.com\/shop\/155320100010-panikbeschlag-push-bar-mit-3-verschlusspunkten-fuer-nebentuer\/"},"modified":"2023-08-04T12:34:20","modified_gmt":"2023-08-04T10:34:20","slug":"155320100010-panikbeschlag-push-bar-mit-3-verschlusspunkten-fuer-nebentuer","status":"publish","type":"product","link":"https:\/\/www.sicomsys.com\/de\/shop\/155320100010-panikbeschlag-push-bar-mit-3-verschlusspunkten-fuer-nebentuer\/","title":{"rendered":"155320100010 &#8211; Panikbeschlag  push-bar mit 3 Verschlu\u00dfpunkten f\u00fcr Nebent\u00fcr"},"content":{"rendered":"<p>Panikbeschlag  push-bar mit 3 Verschlu\u00dfpunkten f\u00fcr Nebent\u00fcr<\/p>\n<p>Paket: 1 &#8211; Gewicht: 4,6924 kg pro St\u00fcck.<\/p>","protected":false},"excerpt":{"rendered":"<p><b>Preis pro St\u00fcck<\/b> <b><\/b><br \/>Paket: 1 &#8211; Gewicht: 4,6924 kg pro St\u00fcck.<\/p>","protected":false},"featured_media":12453,"comment_status":"closed","ping_status":"open","template":"","meta":{"_monsterinsights_skip_tracking":false,"_monsterinsights_sitenote_active":false,"_monsterinsights_sitenote_note":"","_monsterinsights_sitenote_category":0},"product_brand":[],"product_cat":[920,917],"product_tag":[1008],"class_list":{"0":"post-233454","1":"product","2":"type-product","3":"status-publish","4":"has-post-thumbnail","6":"product_cat-andere-zubehorteile-fur-schlupftur","7":"product_cat-seitliche-schlupftur-sturzblende-fullungen","8":"product_tag-sectionaltore-zubehorteile","11":"first","12":"instock","13":"purchasable","14":"product-type-simple"},"yoast_head":"<!-- This site is optimized with the Yoast SEO plugin v27.1.1 - https:\/\/yoast.com\/product\/yoast-seo-wordpress\/ -->\n<title>Sicom - 155320100010 - Panikbeschlag push-bar mit 3 Verschlu\u00dfpunkten f\u00fcr Nebent\u00fcr<\/title>\n<meta name=\"description\" content=\"Andere Zubeh\u00f6rteile f\u00fcr Schlupft\u00fcr, Seitliche Schlupft\u00fcr, Sturzblende, F\u00fcllungen | Art. 155320100010 - Panikbeschlag push-bar mit 3 Verschlu\u00dfpunkten f\u00fcr Nebent\u00fcr | Sicom Sistemi e Componenti.\" \/>\n<meta name=\"robots\" content=\"index, follow, max-snippet:-1, max-image-preview:large, max-video-preview:-1\" \/>\n<link rel=\"canonical\" href=\"https:\/\/www.sicomsys.com\/de\/shop\/155320100010-panikbeschlag-push-bar-mit-3-verschlusspunkten-fuer-nebentuer\/\" \/>\n<meta property=\"og:locale\" content=\"de_DE\" \/>\n<meta property=\"og:type\" content=\"article\" \/>\n<meta property=\"og:title\" content=\"Sicom - 155320100010 - Panikbeschlag push-bar mit 3 Verschlu\u00dfpunkten f\u00fcr Nebent\u00fcr\" \/>\n<meta property=\"og:description\" content=\"Andere Zubeh\u00f6rteile f\u00fcr Schlupft\u00fcr, Seitliche Schlupft\u00fcr, Sturzblende, F\u00fcllungen | Art. 155320100010 - Panikbeschlag push-bar mit 3 Verschlu\u00dfpunkten f\u00fcr Nebent\u00fcr | Sicom Sistemi e Componenti.\" \/>\n<meta property=\"og:url\" content=\"https:\/\/www.sicomsys.com\/de\/shop\/155320100010-panikbeschlag-push-bar-mit-3-verschlusspunkten-fuer-nebentuer\/\" \/>\n<meta property=\"og:site_name\" content=\"Sicom Sistemi e Componenti\" \/>\n<meta property=\"article:modified_time\" content=\"2023-08-04T10:34:20+00:00\" \/>\n<meta property=\"og:image\" content=\"https:\/\/www.sicomsys.com\/wp-content\/uploads\/2020\/04\/img_6611.jpg\" \/>\n\t<meta property=\"og:image:width\" content=\"640\" \/>\n\t<meta property=\"og:image:height\" content=\"480\" \/>\n\t<meta property=\"og:image:type\" content=\"image\/jpeg\" \/>\n<meta name=\"twitter:card\" content=\"summary_large_image\" \/>\n<script type=\"application\/ld+json\" class=\"yoast-schema-graph\">{\"@context\":\"https:\/\/schema.org\",\"@graph\":[{\"@type\":\"WebPage\",\"@id\":\"https:\/\/www.sicomsys.com\/de\/shop\/155320100010-panikbeschlag-push-bar-mit-3-verschlusspunkten-fuer-nebentuer\/\",\"url\":\"https:\/\/www.sicomsys.com\/de\/shop\/155320100010-panikbeschlag-push-bar-mit-3-verschlusspunkten-fuer-nebentuer\/\",\"name\":\"Sicom - 155320100010 - Panikbeschlag push-bar mit 3 Verschlu\u00dfpunkten f\u00fcr Nebent\u00fcr\",\"isPartOf\":{\"@id\":\"https:\/\/www.sicomsys.com\/#website\"},\"primaryImageOfPage\":{\"@id\":\"https:\/\/www.sicomsys.com\/de\/shop\/155320100010-panikbeschlag-push-bar-mit-3-verschlusspunkten-fuer-nebentuer\/#primaryimage\"},\"image\":{\"@id\":\"https:\/\/www.sicomsys.com\/de\/shop\/155320100010-panikbeschlag-push-bar-mit-3-verschlusspunkten-fuer-nebentuer\/#primaryimage\"},\"thumbnailUrl\":\"https:\/\/www.sicomsys.com\/wp-content\/uploads\/2020\/04\/img_6611.jpg\",\"datePublished\":\"2023-08-04T10:33:52+00:00\",\"dateModified\":\"2023-08-04T10:34:20+00:00\",\"description\":\"Andere Zubeh\u00f6rteile f\u00fcr Schlupft\u00fcr, Seitliche Schlupft\u00fcr, Sturzblende, F\u00fcllungen | Art. 155320100010 - Panikbeschlag push-bar mit 3 Verschlu\u00dfpunkten f\u00fcr Nebent\u00fcr | Sicom Sistemi e Componenti.\",\"breadcrumb\":{\"@id\":\"https:\/\/www.sicomsys.com\/de\/shop\/155320100010-panikbeschlag-push-bar-mit-3-verschlusspunkten-fuer-nebentuer\/#breadcrumb\"},\"inLanguage\":\"de\",\"potentialAction\":[{\"@type\":\"ReadAction\",\"target\":[\"https:\/\/www.sicomsys.com\/de\/shop\/155320100010-panikbeschlag-push-bar-mit-3-verschlusspunkten-fuer-nebentuer\/\"]}]},{\"@type\":\"ImageObject\",\"inLanguage\":\"de\",\"@id\":\"https:\/\/www.sicomsys.com\/de\/shop\/155320100010-panikbeschlag-push-bar-mit-3-verschlusspunkten-fuer-nebentuer\/#primaryimage\",\"url\":\"https:\/\/www.sicomsys.com\/wp-content\/uploads\/2020\/04\/img_6611.jpg\",\"contentUrl\":\"https:\/\/www.sicomsys.com\/wp-content\/uploads\/2020\/04\/img_6611.jpg\",\"width\":640,\"height\":480},{\"@type\":\"BreadcrumbList\",\"@id\":\"https:\/\/www.sicomsys.com\/de\/shop\/155320100010-panikbeschlag-push-bar-mit-3-verschlusspunkten-fuer-nebentuer\/#breadcrumb\",\"itemListElement\":[{\"@type\":\"ListItem\",\"position\":1,\"name\":\"Home\",\"item\":\"https:\/\/www.sicomsys.com\/de\/\"},{\"@type\":\"ListItem\",\"position\":2,\"name\":\"Produktkategorien\",\"item\":\"https:\/\/www.sicomsys.com\/de\/shop\/\"},{\"@type\":\"ListItem\",\"position\":3,\"name\":\"155320100010 &#8211; Panikbeschlag push-bar mit 3 Verschlu\u00dfpunkten f\u00fcr Nebent\u00fcr\"}]},{\"@type\":\"WebSite\",\"@id\":\"https:\/\/www.sicomsys.com\/#website\",\"url\":\"https:\/\/www.sicomsys.com\/\",\"name\":\"Sicom Sistemi e Componenti\",\"description\":\"Sicom - Gruppo Breda Chiusure\",\"publisher\":{\"@id\":\"https:\/\/www.sicomsys.com\/#organization\"},\"potentialAction\":[{\"@type\":\"SearchAction\",\"target\":{\"@type\":\"EntryPoint\",\"urlTemplate\":\"https:\/\/www.sicomsys.com\/?s={search_term_string}\"},\"query-input\":{\"@type\":\"PropertyValueSpecification\",\"valueRequired\":true,\"valueName\":\"search_term_string\"}}],\"inLanguage\":\"de\"},{\"@type\":\"Organization\",\"@id\":\"https:\/\/www.sicomsys.com\/#organization\",\"name\":\"Sicom Sistemi e Componenti\",\"url\":\"https:\/\/www.sicomsys.com\/\",\"logo\":{\"@type\":\"ImageObject\",\"inLanguage\":\"de\",\"@id\":\"https:\/\/www.sicomsys.com\/#\/schema\/logo\/image\/\",\"url\":\"https:\/\/www.sicomsys.com\/wp-content\/uploads\/2019\/09\/Logo-Sicom-orizzontale-h100-2.png\",\"contentUrl\":\"https:\/\/www.sicomsys.com\/wp-content\/uploads\/2019\/09\/Logo-Sicom-orizzontale-h100-2.png\",\"width\":522,\"height\":100,\"caption\":\"Sicom Sistemi e Componenti\"},\"image\":{\"@id\":\"https:\/\/www.sicomsys.com\/#\/schema\/logo\/image\/\"}}]}<\/script>\n<!-- \/ Yoast SEO plugin. -->","yoast_head_json":{"title":"Sicom - 155320100010 - Panikbeschlag push-bar mit 3 Verschlu\u00dfpunkten f\u00fcr Nebent\u00fcr","description":"Andere Zubeh\u00f6rteile f\u00fcr Schlupft\u00fcr, Seitliche Schlupft\u00fcr, Sturzblende, F\u00fcllungen | Art. 155320100010 - Panikbeschlag push-bar mit 3 Verschlu\u00dfpunkten f\u00fcr Nebent\u00fcr | Sicom Sistemi e Componenti.","robots":{"index":"index","follow":"follow","max-snippet":"max-snippet:-1","max-image-preview":"max-image-preview:large","max-video-preview":"max-video-preview:-1"},"canonical":"https:\/\/www.sicomsys.com\/de\/shop\/155320100010-panikbeschlag-push-bar-mit-3-verschlusspunkten-fuer-nebentuer\/","og_locale":"de_DE","og_type":"article","og_title":"Sicom - 155320100010 - Panikbeschlag push-bar mit 3 Verschlu\u00dfpunkten f\u00fcr Nebent\u00fcr","og_description":"Andere Zubeh\u00f6rteile f\u00fcr Schlupft\u00fcr, Seitliche Schlupft\u00fcr, Sturzblende, F\u00fcllungen | Art. 155320100010 - Panikbeschlag push-bar mit 3 Verschlu\u00dfpunkten f\u00fcr Nebent\u00fcr | Sicom Sistemi e Componenti.","og_url":"https:\/\/www.sicomsys.com\/de\/shop\/155320100010-panikbeschlag-push-bar-mit-3-verschlusspunkten-fuer-nebentuer\/","og_site_name":"Sicom Sistemi e Componenti","article_modified_time":"2023-08-04T10:34:20+00:00","og_image":[{"width":640,"height":480,"url":"https:\/\/www.sicomsys.com\/wp-content\/uploads\/2020\/04\/img_6611.jpg","type":"image\/jpeg"}],"twitter_card":"summary_large_image","schema":{"@context":"https:\/\/schema.org","@graph":[{"@type":"WebPage","@id":"https:\/\/www.sicomsys.com\/de\/shop\/155320100010-panikbeschlag-push-bar-mit-3-verschlusspunkten-fuer-nebentuer\/","url":"https:\/\/www.sicomsys.com\/de\/shop\/155320100010-panikbeschlag-push-bar-mit-3-verschlusspunkten-fuer-nebentuer\/","name":"Sicom - 155320100010 - Panikbeschlag push-bar mit 3 Verschlu\u00dfpunkten f\u00fcr Nebent\u00fcr","isPartOf":{"@id":"https:\/\/www.sicomsys.com\/#website"},"primaryImageOfPage":{"@id":"https:\/\/www.sicomsys.com\/de\/shop\/155320100010-panikbeschlag-push-bar-mit-3-verschlusspunkten-fuer-nebentuer\/#primaryimage"},"image":{"@id":"https:\/\/www.sicomsys.com\/de\/shop\/155320100010-panikbeschlag-push-bar-mit-3-verschlusspunkten-fuer-nebentuer\/#primaryimage"},"thumbnailUrl":"https:\/\/www.sicomsys.com\/wp-content\/uploads\/2020\/04\/img_6611.jpg","datePublished":"2023-08-04T10:33:52+00:00","dateModified":"2023-08-04T10:34:20+00:00","description":"Andere Zubeh\u00f6rteile f\u00fcr Schlupft\u00fcr, Seitliche Schlupft\u00fcr, Sturzblende, F\u00fcllungen | Art. 155320100010 - Panikbeschlag push-bar mit 3 Verschlu\u00dfpunkten f\u00fcr Nebent\u00fcr | Sicom Sistemi e Componenti.","breadcrumb":{"@id":"https:\/\/www.sicomsys.com\/de\/shop\/155320100010-panikbeschlag-push-bar-mit-3-verschlusspunkten-fuer-nebentuer\/#breadcrumb"},"inLanguage":"de","potentialAction":[{"@type":"ReadAction","target":["https:\/\/www.sicomsys.com\/de\/shop\/155320100010-panikbeschlag-push-bar-mit-3-verschlusspunkten-fuer-nebentuer\/"]}]},{"@type":"ImageObject","inLanguage":"de","@id":"https:\/\/www.sicomsys.com\/de\/shop\/155320100010-panikbeschlag-push-bar-mit-3-verschlusspunkten-fuer-nebentuer\/#primaryimage","url":"https:\/\/www.sicomsys.com\/wp-content\/uploads\/2020\/04\/img_6611.jpg","contentUrl":"https:\/\/www.sicomsys.com\/wp-content\/uploads\/2020\/04\/img_6611.jpg","width":640,"height":480},{"@type":"BreadcrumbList","@id":"https:\/\/www.sicomsys.com\/de\/shop\/155320100010-panikbeschlag-push-bar-mit-3-verschlusspunkten-fuer-nebentuer\/#breadcrumb","itemListElement":[{"@type":"ListItem","position":1,"name":"Home","item":"https:\/\/www.sicomsys.com\/de\/"},{"@type":"ListItem","position":2,"name":"Produktkategorien","item":"https:\/\/www.sicomsys.com\/de\/shop\/"},{"@type":"ListItem","position":3,"name":"155320100010 &#8211; Panikbeschlag push-bar mit 3 Verschlu\u00dfpunkten f\u00fcr Nebent\u00fcr"}]},{"@type":"WebSite","@id":"https:\/\/www.sicomsys.com\/#website","url":"https:\/\/www.sicomsys.com\/","name":"Sicom Sistemi e Componenti","description":"Sicom - Gruppo Breda Chiusure","publisher":{"@id":"https:\/\/www.sicomsys.com\/#organization"},"potentialAction":[{"@type":"SearchAction","target":{"@type":"EntryPoint","urlTemplate":"https:\/\/www.sicomsys.com\/?s={search_term_string}"},"query-input":{"@type":"PropertyValueSpecification","valueRequired":true,"valueName":"search_term_string"}}],"inLanguage":"de"},{"@type":"Organization","@id":"https:\/\/www.sicomsys.com\/#organization","name":"Sicom Sistemi e Componenti","url":"https:\/\/www.sicomsys.com\/","logo":{"@type":"ImageObject","inLanguage":"de","@id":"https:\/\/www.sicomsys.com\/#\/schema\/logo\/image\/","url":"https:\/\/www.sicomsys.com\/wp-content\/uploads\/2019\/09\/Logo-Sicom-orizzontale-h100-2.png","contentUrl":"https:\/\/www.sicomsys.com\/wp-content\/uploads\/2019\/09\/Logo-Sicom-orizzontale-h100-2.png","width":522,"height":100,"caption":"Sicom Sistemi e Componenti"},"image":{"@id":"https:\/\/www.sicomsys.com\/#\/schema\/logo\/image\/"}}]}},"_links":{"self":[{"href":"https:\/\/www.sicomsys.com\/de\/wp-json\/wp\/v2\/product\/233454","targetHints":{"allow":["GET"]}}],"collection":[{"href":"https:\/\/www.sicomsys.com\/de\/wp-json\/wp\/v2\/product"}],"about":[{"href":"https:\/\/www.sicomsys.com\/de\/wp-json\/wp\/v2\/types\/product"}],"replies":[{"embeddable":true,"href":"https:\/\/www.sicomsys.com\/de\/wp-json\/wp\/v2\/comments?post=233454"}],"wp:featuredmedia":[{"embeddable":true,"href":"https:\/\/www.sicomsys.com\/de\/wp-json\/wp\/v2\/media\/12453"}],"wp:attachment":[{"href":"https:\/\/www.sicomsys.com\/de\/wp-json\/wp\/v2\/media?parent=233454"}],"wp:term":[{"taxonomy":"product_brand","embeddable":true,"href":"https:\/\/www.sicomsys.com\/de\/wp-json\/wp\/v2\/product_brand?post=233454"},{"taxonomy":"product_cat","embeddable":true,"href":"https:\/\/www.sicomsys.com\/de\/wp-json\/wp\/v2\/product_cat?post=233454"},{"taxonomy":"product_tag","embeddable":true,"href":"https:\/\/www.sicomsys.com\/de\/wp-json\/wp\/v2\/product_tag?post=233454"}],"curies":[{"name":"wp","href":"https:\/\/api.w.org\/{rel}","templated":true}]}}