{"id":233764,"date":"2023-08-04T12:41:25","date_gmt":"2023-08-04T10:41:25","guid":{"rendered":"https:\/\/www.sicomsys.com\/shop\/1562100c1030-seitliches-doppelriegelschloss-neutral\/"},"modified":"2023-08-04T12:42:04","modified_gmt":"2023-08-04T10:42:04","slug":"1562100c1030-seitliches-doppelriegelschloss-neutral","status":"publish","type":"product","link":"https:\/\/www.sicomsys.com\/de\/shop\/1562100c1030-seitliches-doppelriegelschloss-neutral\/","title":{"rendered":"1562100C1030 &#8211; Seitliches Doppelriegelschlo\u00df &#8211; neutral"},"content":{"rendered":"<p>Seitliches Doppelriegelschlo\u00df &#8211; neutral<\/p>\n<p>Paket: 10 &#8211; Gewicht: 2,9848 kg pro St\u00fcck.<\/p>","protected":false},"excerpt":{"rendered":"<p><b>Preis pro St\u00fcck<\/b> <b><\/b><br \/>Paket: 10 &#8211; Gewicht: 2,9848 kg pro St\u00fcck.<\/p>","protected":false},"featured_media":13492,"comment_status":"closed","ping_status":"open","template":"","meta":{"_monsterinsights_skip_tracking":false,"_monsterinsights_sitenote_active":false,"_monsterinsights_sitenote_note":"","_monsterinsights_sitenote_category":0},"product_brand":[],"product_cat":[671,695],"product_tag":[1008],"class_list":{"0":"post-233764","1":"product","2":"type-product","3":"status-publish","4":"has-post-thumbnail","6":"product_cat-zubehore-fur-paneele","7":"product_cat-schlosse","8":"product_tag-sectionaltore-zubehorteile","11":"first","12":"instock","13":"purchasable","14":"product-type-simple"},"yoast_head":"<!-- This site is optimized with the Yoast SEO plugin v27.1.1 - https:\/\/yoast.com\/product\/yoast-seo-wordpress\/ -->\n<title>Sicom - 1562100C1030 - Seitliches Doppelriegelschlo\u00df - neutral<\/title>\n<meta name=\"description\" content=\"Zubeh\u00f6re f\u00fcr Paneele, Schlosse | Art. 1562100C1030 - Seitliches Doppelriegelschlo\u00df - neutral | Sicom Sistemi e Componenti.\" \/>\n<meta name=\"robots\" content=\"index, follow, max-snippet:-1, max-image-preview:large, max-video-preview:-1\" \/>\n<link rel=\"canonical\" href=\"https:\/\/www.sicomsys.com\/de\/shop\/1562100c1030-seitliches-doppelriegelschloss-neutral\/\" \/>\n<meta property=\"og:locale\" content=\"de_DE\" \/>\n<meta property=\"og:type\" content=\"article\" \/>\n<meta property=\"og:title\" content=\"Sicom - 1562100C1030 - Seitliches Doppelriegelschlo\u00df - neutral\" \/>\n<meta property=\"og:description\" content=\"Zubeh\u00f6re f\u00fcr Paneele, Schlosse | Art. 1562100C1030 - Seitliches Doppelriegelschlo\u00df - neutral | Sicom Sistemi e Componenti.\" \/>\n<meta property=\"og:url\" content=\"https:\/\/www.sicomsys.com\/de\/shop\/1562100c1030-seitliches-doppelriegelschloss-neutral\/\" \/>\n<meta property=\"og:site_name\" content=\"Sicom Sistemi e Componenti\" \/>\n<meta property=\"article:modified_time\" content=\"2023-08-04T10:42:04+00:00\" \/>\n<meta property=\"og:image\" content=\"https:\/\/www.sicomsys.com\/wp-content\/uploads\/2020\/04\/img_4384.jpg\" \/>\n\t<meta property=\"og:image:width\" content=\"640\" \/>\n\t<meta property=\"og:image:height\" content=\"480\" \/>\n\t<meta property=\"og:image:type\" content=\"image\/jpeg\" \/>\n<meta name=\"twitter:card\" content=\"summary_large_image\" \/>\n<script type=\"application\/ld+json\" class=\"yoast-schema-graph\">{\"@context\":\"https:\/\/schema.org\",\"@graph\":[{\"@type\":\"WebPage\",\"@id\":\"https:\/\/www.sicomsys.com\/de\/shop\/1562100c1030-seitliches-doppelriegelschloss-neutral\/\",\"url\":\"https:\/\/www.sicomsys.com\/de\/shop\/1562100c1030-seitliches-doppelriegelschloss-neutral\/\",\"name\":\"Sicom - 1562100C1030 - Seitliches Doppelriegelschlo\u00df - neutral\",\"isPartOf\":{\"@id\":\"https:\/\/www.sicomsys.com\/#website\"},\"primaryImageOfPage\":{\"@id\":\"https:\/\/www.sicomsys.com\/de\/shop\/1562100c1030-seitliches-doppelriegelschloss-neutral\/#primaryimage\"},\"image\":{\"@id\":\"https:\/\/www.sicomsys.com\/de\/shop\/1562100c1030-seitliches-doppelriegelschloss-neutral\/#primaryimage\"},\"thumbnailUrl\":\"https:\/\/www.sicomsys.com\/wp-content\/uploads\/2020\/04\/img_4384.jpg\",\"datePublished\":\"2023-08-04T10:41:25+00:00\",\"dateModified\":\"2023-08-04T10:42:04+00:00\",\"description\":\"Zubeh\u00f6re f\u00fcr Paneele, Schlosse | Art. 1562100C1030 - Seitliches Doppelriegelschlo\u00df - neutral | Sicom Sistemi e Componenti.\",\"breadcrumb\":{\"@id\":\"https:\/\/www.sicomsys.com\/de\/shop\/1562100c1030-seitliches-doppelriegelschloss-neutral\/#breadcrumb\"},\"inLanguage\":\"de\",\"potentialAction\":[{\"@type\":\"ReadAction\",\"target\":[\"https:\/\/www.sicomsys.com\/de\/shop\/1562100c1030-seitliches-doppelriegelschloss-neutral\/\"]}]},{\"@type\":\"ImageObject\",\"inLanguage\":\"de\",\"@id\":\"https:\/\/www.sicomsys.com\/de\/shop\/1562100c1030-seitliches-doppelriegelschloss-neutral\/#primaryimage\",\"url\":\"https:\/\/www.sicomsys.com\/wp-content\/uploads\/2020\/04\/img_4384.jpg\",\"contentUrl\":\"https:\/\/www.sicomsys.com\/wp-content\/uploads\/2020\/04\/img_4384.jpg\",\"width\":640,\"height\":480},{\"@type\":\"BreadcrumbList\",\"@id\":\"https:\/\/www.sicomsys.com\/de\/shop\/1562100c1030-seitliches-doppelriegelschloss-neutral\/#breadcrumb\",\"itemListElement\":[{\"@type\":\"ListItem\",\"position\":1,\"name\":\"Home\",\"item\":\"https:\/\/www.sicomsys.com\/de\/\"},{\"@type\":\"ListItem\",\"position\":2,\"name\":\"Produktkategorien\",\"item\":\"https:\/\/www.sicomsys.com\/de\/shop\/\"},{\"@type\":\"ListItem\",\"position\":3,\"name\":\"1562100C1030 &#8211; Seitliches Doppelriegelschlo\u00df &#8211; neutral\"}]},{\"@type\":\"WebSite\",\"@id\":\"https:\/\/www.sicomsys.com\/#website\",\"url\":\"https:\/\/www.sicomsys.com\/\",\"name\":\"Sicom Sistemi e Componenti\",\"description\":\"Sicom - Gruppo Breda Chiusure\",\"publisher\":{\"@id\":\"https:\/\/www.sicomsys.com\/#organization\"},\"potentialAction\":[{\"@type\":\"SearchAction\",\"target\":{\"@type\":\"EntryPoint\",\"urlTemplate\":\"https:\/\/www.sicomsys.com\/?s={search_term_string}\"},\"query-input\":{\"@type\":\"PropertyValueSpecification\",\"valueRequired\":true,\"valueName\":\"search_term_string\"}}],\"inLanguage\":\"de\"},{\"@type\":\"Organization\",\"@id\":\"https:\/\/www.sicomsys.com\/#organization\",\"name\":\"Sicom Sistemi e Componenti\",\"url\":\"https:\/\/www.sicomsys.com\/\",\"logo\":{\"@type\":\"ImageObject\",\"inLanguage\":\"de\",\"@id\":\"https:\/\/www.sicomsys.com\/#\/schema\/logo\/image\/\",\"url\":\"https:\/\/www.sicomsys.com\/wp-content\/uploads\/2019\/09\/Logo-Sicom-orizzontale-h100-2.png\",\"contentUrl\":\"https:\/\/www.sicomsys.com\/wp-content\/uploads\/2019\/09\/Logo-Sicom-orizzontale-h100-2.png\",\"width\":522,\"height\":100,\"caption\":\"Sicom Sistemi e Componenti\"},\"image\":{\"@id\":\"https:\/\/www.sicomsys.com\/#\/schema\/logo\/image\/\"}}]}<\/script>\n<!-- \/ Yoast SEO plugin. -->","yoast_head_json":{"title":"Sicom - 1562100C1030 - Seitliches Doppelriegelschlo\u00df - neutral","description":"Zubeh\u00f6re f\u00fcr Paneele, Schlosse | Art. 1562100C1030 - Seitliches Doppelriegelschlo\u00df - neutral | Sicom Sistemi e Componenti.","robots":{"index":"index","follow":"follow","max-snippet":"max-snippet:-1","max-image-preview":"max-image-preview:large","max-video-preview":"max-video-preview:-1"},"canonical":"https:\/\/www.sicomsys.com\/de\/shop\/1562100c1030-seitliches-doppelriegelschloss-neutral\/","og_locale":"de_DE","og_type":"article","og_title":"Sicom - 1562100C1030 - Seitliches Doppelriegelschlo\u00df - neutral","og_description":"Zubeh\u00f6re f\u00fcr Paneele, Schlosse | Art. 1562100C1030 - Seitliches Doppelriegelschlo\u00df - neutral | Sicom Sistemi e Componenti.","og_url":"https:\/\/www.sicomsys.com\/de\/shop\/1562100c1030-seitliches-doppelriegelschloss-neutral\/","og_site_name":"Sicom Sistemi e Componenti","article_modified_time":"2023-08-04T10:42:04+00:00","og_image":[{"width":640,"height":480,"url":"https:\/\/www.sicomsys.com\/wp-content\/uploads\/2020\/04\/img_4384.jpg","type":"image\/jpeg"}],"twitter_card":"summary_large_image","schema":{"@context":"https:\/\/schema.org","@graph":[{"@type":"WebPage","@id":"https:\/\/www.sicomsys.com\/de\/shop\/1562100c1030-seitliches-doppelriegelschloss-neutral\/","url":"https:\/\/www.sicomsys.com\/de\/shop\/1562100c1030-seitliches-doppelriegelschloss-neutral\/","name":"Sicom - 1562100C1030 - Seitliches Doppelriegelschlo\u00df - neutral","isPartOf":{"@id":"https:\/\/www.sicomsys.com\/#website"},"primaryImageOfPage":{"@id":"https:\/\/www.sicomsys.com\/de\/shop\/1562100c1030-seitliches-doppelriegelschloss-neutral\/#primaryimage"},"image":{"@id":"https:\/\/www.sicomsys.com\/de\/shop\/1562100c1030-seitliches-doppelriegelschloss-neutral\/#primaryimage"},"thumbnailUrl":"https:\/\/www.sicomsys.com\/wp-content\/uploads\/2020\/04\/img_4384.jpg","datePublished":"2023-08-04T10:41:25+00:00","dateModified":"2023-08-04T10:42:04+00:00","description":"Zubeh\u00f6re f\u00fcr Paneele, Schlosse | Art. 1562100C1030 - Seitliches Doppelriegelschlo\u00df - neutral | Sicom Sistemi e Componenti.","breadcrumb":{"@id":"https:\/\/www.sicomsys.com\/de\/shop\/1562100c1030-seitliches-doppelriegelschloss-neutral\/#breadcrumb"},"inLanguage":"de","potentialAction":[{"@type":"ReadAction","target":["https:\/\/www.sicomsys.com\/de\/shop\/1562100c1030-seitliches-doppelriegelschloss-neutral\/"]}]},{"@type":"ImageObject","inLanguage":"de","@id":"https:\/\/www.sicomsys.com\/de\/shop\/1562100c1030-seitliches-doppelriegelschloss-neutral\/#primaryimage","url":"https:\/\/www.sicomsys.com\/wp-content\/uploads\/2020\/04\/img_4384.jpg","contentUrl":"https:\/\/www.sicomsys.com\/wp-content\/uploads\/2020\/04\/img_4384.jpg","width":640,"height":480},{"@type":"BreadcrumbList","@id":"https:\/\/www.sicomsys.com\/de\/shop\/1562100c1030-seitliches-doppelriegelschloss-neutral\/#breadcrumb","itemListElement":[{"@type":"ListItem","position":1,"name":"Home","item":"https:\/\/www.sicomsys.com\/de\/"},{"@type":"ListItem","position":2,"name":"Produktkategorien","item":"https:\/\/www.sicomsys.com\/de\/shop\/"},{"@type":"ListItem","position":3,"name":"1562100C1030 &#8211; Seitliches Doppelriegelschlo\u00df &#8211; neutral"}]},{"@type":"WebSite","@id":"https:\/\/www.sicomsys.com\/#website","url":"https:\/\/www.sicomsys.com\/","name":"Sicom Sistemi e Componenti","description":"Sicom - Gruppo Breda Chiusure","publisher":{"@id":"https:\/\/www.sicomsys.com\/#organization"},"potentialAction":[{"@type":"SearchAction","target":{"@type":"EntryPoint","urlTemplate":"https:\/\/www.sicomsys.com\/?s={search_term_string}"},"query-input":{"@type":"PropertyValueSpecification","valueRequired":true,"valueName":"search_term_string"}}],"inLanguage":"de"},{"@type":"Organization","@id":"https:\/\/www.sicomsys.com\/#organization","name":"Sicom Sistemi e Componenti","url":"https:\/\/www.sicomsys.com\/","logo":{"@type":"ImageObject","inLanguage":"de","@id":"https:\/\/www.sicomsys.com\/#\/schema\/logo\/image\/","url":"https:\/\/www.sicomsys.com\/wp-content\/uploads\/2019\/09\/Logo-Sicom-orizzontale-h100-2.png","contentUrl":"https:\/\/www.sicomsys.com\/wp-content\/uploads\/2019\/09\/Logo-Sicom-orizzontale-h100-2.png","width":522,"height":100,"caption":"Sicom Sistemi e Componenti"},"image":{"@id":"https:\/\/www.sicomsys.com\/#\/schema\/logo\/image\/"}}]}},"_links":{"self":[{"href":"https:\/\/www.sicomsys.com\/de\/wp-json\/wp\/v2\/product\/233764","targetHints":{"allow":["GET"]}}],"collection":[{"href":"https:\/\/www.sicomsys.com\/de\/wp-json\/wp\/v2\/product"}],"about":[{"href":"https:\/\/www.sicomsys.com\/de\/wp-json\/wp\/v2\/types\/product"}],"replies":[{"embeddable":true,"href":"https:\/\/www.sicomsys.com\/de\/wp-json\/wp\/v2\/comments?post=233764"}],"wp:featuredmedia":[{"embeddable":true,"href":"https:\/\/www.sicomsys.com\/de\/wp-json\/wp\/v2\/media\/13492"}],"wp:attachment":[{"href":"https:\/\/www.sicomsys.com\/de\/wp-json\/wp\/v2\/media?parent=233764"}],"wp:term":[{"taxonomy":"product_brand","embeddable":true,"href":"https:\/\/www.sicomsys.com\/de\/wp-json\/wp\/v2\/product_brand?post=233764"},{"taxonomy":"product_cat","embeddable":true,"href":"https:\/\/www.sicomsys.com\/de\/wp-json\/wp\/v2\/product_cat?post=233764"},{"taxonomy":"product_tag","embeddable":true,"href":"https:\/\/www.sicomsys.com\/de\/wp-json\/wp\/v2\/product_tag?post=233764"}],"curies":[{"name":"wp","href":"https:\/\/api.w.org\/{rel}","templated":true}]}}