{"id":233782,"date":"2023-08-04T12:41:25","date_gmt":"2023-08-04T10:41:25","guid":{"rendered":"https:\/\/www.sicomsys.com\/shop\/1201002z-winkelstahl-fuer-laufschienen-20-mm\/"},"modified":"2023-08-04T12:42:31","modified_gmt":"2023-08-04T10:42:31","slug":"1201002z-winkelstahl-fuer-laufschienen-20-mm","status":"publish","type":"product","link":"https:\/\/www.sicomsys.com\/de\/shop\/1201002z-winkelstahl-fuer-laufschienen-20-mm\/","title":{"rendered":"1201002Z &#8211; Winkelstahl f\u00fcr Laufschienen 2,0 mm"},"content":{"rendered":"<p>Verzinkter Winkelstahl f\u00fcr Laufschienen.  Beide Enden versehen mit 2 \u00d6sen 9&#215;25 mm f\u00fcr Befestigung an den Wellenlagern Kode 1154 und den waagerechten Winkelprofilen Kode 1260002Z.  \u00d6sen f\u00fcr Befestigung an der Wand jeder 300 mm. Lieferung nach Anfrage, nach Ma\u00df f\u00fcr Menge. Verf\u00fcgbare L\u00e4nge: 5000; 6000; 7000;<\/p>\n<p>Paket: 50 &#8211; Gewicht: 2,6521 kg pro Laufmeter.<\/p>","protected":false},"excerpt":{"rendered":"<p><b><\/b> <b>L\u00e4ngen verf\u00fcgbar: 5000; 6000; 7000;<\/b><br \/>Paket: 50 &#8211; Gewicht: 2,6521 kg pro Laufmeter.<\/p>","protected":false},"featured_media":13600,"comment_status":"closed","ping_status":"open","template":"","meta":{"_monsterinsights_skip_tracking":false,"_monsterinsights_sitenote_active":false,"_monsterinsights_sitenote_note":"","_monsterinsights_sitenote_category":0},"product_brand":[],"product_cat":[752,746],"product_tag":[1008],"class_list":{"0":"post-233782","1":"product","2":"type-product","3":"status-publish","4":"has-post-thumbnail","6":"product_cat-winkel-und-dichtungen","7":"product_cat-laufschiene","8":"product_tag-sectionaltore-zubehorteile","11":"first","12":"instock","13":"purchasable","14":"product-type-simple"},"yoast_head":"<!-- This site is optimized with the Yoast SEO plugin v27.1.1 - https:\/\/yoast.com\/product\/yoast-seo-wordpress\/ -->\n<title>Sicom - 1201002Z - Winkelstahl f\u00fcr Laufschienen 2,0 mm<\/title>\n<meta name=\"description\" content=\"Winkel und Dichtungen, Laufschiene | Art. 1201002Z - Winkelstahl f\u00fcr Laufschienen 2,0 mm | Sicom Sistemi e Componenti.\" \/>\n<meta name=\"robots\" content=\"index, follow, max-snippet:-1, max-image-preview:large, max-video-preview:-1\" \/>\n<link rel=\"canonical\" href=\"https:\/\/www.sicomsys.com\/de\/shop\/1201002z-winkelstahl-fuer-laufschienen-20-mm\/\" \/>\n<meta property=\"og:locale\" content=\"de_DE\" \/>\n<meta property=\"og:type\" content=\"article\" \/>\n<meta property=\"og:title\" content=\"Sicom - 1201002Z - Winkelstahl f\u00fcr Laufschienen 2,0 mm\" \/>\n<meta property=\"og:description\" content=\"Winkel und Dichtungen, Laufschiene | Art. 1201002Z - Winkelstahl f\u00fcr Laufschienen 2,0 mm | Sicom Sistemi e Componenti.\" \/>\n<meta property=\"og:url\" content=\"https:\/\/www.sicomsys.com\/de\/shop\/1201002z-winkelstahl-fuer-laufschienen-20-mm\/\" \/>\n<meta property=\"og:site_name\" content=\"Sicom Sistemi e Componenti\" \/>\n<meta property=\"article:modified_time\" content=\"2023-08-04T10:42:31+00:00\" \/>\n<meta property=\"og:image\" content=\"https:\/\/www.sicomsys.com\/wp-content\/uploads\/2020\/04\/img_210.jpg\" \/>\n\t<meta property=\"og:image:width\" content=\"640\" \/>\n\t<meta property=\"og:image:height\" content=\"480\" \/>\n\t<meta property=\"og:image:type\" content=\"image\/jpeg\" \/>\n<meta name=\"twitter:card\" content=\"summary_large_image\" \/>\n<script type=\"application\/ld+json\" class=\"yoast-schema-graph\">{\"@context\":\"https:\/\/schema.org\",\"@graph\":[{\"@type\":\"WebPage\",\"@id\":\"https:\/\/www.sicomsys.com\/de\/shop\/1201002z-winkelstahl-fuer-laufschienen-20-mm\/\",\"url\":\"https:\/\/www.sicomsys.com\/de\/shop\/1201002z-winkelstahl-fuer-laufschienen-20-mm\/\",\"name\":\"Sicom - 1201002Z - Winkelstahl f\u00fcr Laufschienen 2,0 mm\",\"isPartOf\":{\"@id\":\"https:\/\/www.sicomsys.com\/#website\"},\"primaryImageOfPage\":{\"@id\":\"https:\/\/www.sicomsys.com\/de\/shop\/1201002z-winkelstahl-fuer-laufschienen-20-mm\/#primaryimage\"},\"image\":{\"@id\":\"https:\/\/www.sicomsys.com\/de\/shop\/1201002z-winkelstahl-fuer-laufschienen-20-mm\/#primaryimage\"},\"thumbnailUrl\":\"https:\/\/www.sicomsys.com\/wp-content\/uploads\/2020\/04\/img_210.jpg\",\"datePublished\":\"2023-08-04T10:41:25+00:00\",\"dateModified\":\"2023-08-04T10:42:31+00:00\",\"description\":\"Winkel und Dichtungen, Laufschiene | Art. 1201002Z - Winkelstahl f\u00fcr Laufschienen 2,0 mm | Sicom Sistemi e Componenti.\",\"breadcrumb\":{\"@id\":\"https:\/\/www.sicomsys.com\/de\/shop\/1201002z-winkelstahl-fuer-laufschienen-20-mm\/#breadcrumb\"},\"inLanguage\":\"de\",\"potentialAction\":[{\"@type\":\"ReadAction\",\"target\":[\"https:\/\/www.sicomsys.com\/de\/shop\/1201002z-winkelstahl-fuer-laufschienen-20-mm\/\"]}]},{\"@type\":\"ImageObject\",\"inLanguage\":\"de\",\"@id\":\"https:\/\/www.sicomsys.com\/de\/shop\/1201002z-winkelstahl-fuer-laufschienen-20-mm\/#primaryimage\",\"url\":\"https:\/\/www.sicomsys.com\/wp-content\/uploads\/2020\/04\/img_210.jpg\",\"contentUrl\":\"https:\/\/www.sicomsys.com\/wp-content\/uploads\/2020\/04\/img_210.jpg\",\"width\":640,\"height\":480},{\"@type\":\"BreadcrumbList\",\"@id\":\"https:\/\/www.sicomsys.com\/de\/shop\/1201002z-winkelstahl-fuer-laufschienen-20-mm\/#breadcrumb\",\"itemListElement\":[{\"@type\":\"ListItem\",\"position\":1,\"name\":\"Home\",\"item\":\"https:\/\/www.sicomsys.com\/de\/\"},{\"@type\":\"ListItem\",\"position\":2,\"name\":\"Produktkategorien\",\"item\":\"https:\/\/www.sicomsys.com\/de\/shop\/\"},{\"@type\":\"ListItem\",\"position\":3,\"name\":\"1201002Z &#8211; Winkelstahl f\u00fcr Laufschienen 2,0 mm\"}]},{\"@type\":\"WebSite\",\"@id\":\"https:\/\/www.sicomsys.com\/#website\",\"url\":\"https:\/\/www.sicomsys.com\/\",\"name\":\"Sicom Sistemi e Componenti\",\"description\":\"Sicom - Gruppo Breda Chiusure\",\"publisher\":{\"@id\":\"https:\/\/www.sicomsys.com\/#organization\"},\"potentialAction\":[{\"@type\":\"SearchAction\",\"target\":{\"@type\":\"EntryPoint\",\"urlTemplate\":\"https:\/\/www.sicomsys.com\/?s={search_term_string}\"},\"query-input\":{\"@type\":\"PropertyValueSpecification\",\"valueRequired\":true,\"valueName\":\"search_term_string\"}}],\"inLanguage\":\"de\"},{\"@type\":\"Organization\",\"@id\":\"https:\/\/www.sicomsys.com\/#organization\",\"name\":\"Sicom Sistemi e Componenti\",\"url\":\"https:\/\/www.sicomsys.com\/\",\"logo\":{\"@type\":\"ImageObject\",\"inLanguage\":\"de\",\"@id\":\"https:\/\/www.sicomsys.com\/#\/schema\/logo\/image\/\",\"url\":\"https:\/\/www.sicomsys.com\/wp-content\/uploads\/2019\/09\/Logo-Sicom-orizzontale-h100-2.png\",\"contentUrl\":\"https:\/\/www.sicomsys.com\/wp-content\/uploads\/2019\/09\/Logo-Sicom-orizzontale-h100-2.png\",\"width\":522,\"height\":100,\"caption\":\"Sicom Sistemi e Componenti\"},\"image\":{\"@id\":\"https:\/\/www.sicomsys.com\/#\/schema\/logo\/image\/\"}}]}<\/script>\n<!-- \/ Yoast SEO plugin. -->","yoast_head_json":{"title":"Sicom - 1201002Z - Winkelstahl f\u00fcr Laufschienen 2,0 mm","description":"Winkel und Dichtungen, Laufschiene | Art. 1201002Z - Winkelstahl f\u00fcr Laufschienen 2,0 mm | Sicom Sistemi e Componenti.","robots":{"index":"index","follow":"follow","max-snippet":"max-snippet:-1","max-image-preview":"max-image-preview:large","max-video-preview":"max-video-preview:-1"},"canonical":"https:\/\/www.sicomsys.com\/de\/shop\/1201002z-winkelstahl-fuer-laufschienen-20-mm\/","og_locale":"de_DE","og_type":"article","og_title":"Sicom - 1201002Z - Winkelstahl f\u00fcr Laufschienen 2,0 mm","og_description":"Winkel und Dichtungen, Laufschiene | Art. 1201002Z - Winkelstahl f\u00fcr Laufschienen 2,0 mm | Sicom Sistemi e Componenti.","og_url":"https:\/\/www.sicomsys.com\/de\/shop\/1201002z-winkelstahl-fuer-laufschienen-20-mm\/","og_site_name":"Sicom Sistemi e Componenti","article_modified_time":"2023-08-04T10:42:31+00:00","og_image":[{"width":640,"height":480,"url":"https:\/\/www.sicomsys.com\/wp-content\/uploads\/2020\/04\/img_210.jpg","type":"image\/jpeg"}],"twitter_card":"summary_large_image","schema":{"@context":"https:\/\/schema.org","@graph":[{"@type":"WebPage","@id":"https:\/\/www.sicomsys.com\/de\/shop\/1201002z-winkelstahl-fuer-laufschienen-20-mm\/","url":"https:\/\/www.sicomsys.com\/de\/shop\/1201002z-winkelstahl-fuer-laufschienen-20-mm\/","name":"Sicom - 1201002Z - Winkelstahl f\u00fcr Laufschienen 2,0 mm","isPartOf":{"@id":"https:\/\/www.sicomsys.com\/#website"},"primaryImageOfPage":{"@id":"https:\/\/www.sicomsys.com\/de\/shop\/1201002z-winkelstahl-fuer-laufschienen-20-mm\/#primaryimage"},"image":{"@id":"https:\/\/www.sicomsys.com\/de\/shop\/1201002z-winkelstahl-fuer-laufschienen-20-mm\/#primaryimage"},"thumbnailUrl":"https:\/\/www.sicomsys.com\/wp-content\/uploads\/2020\/04\/img_210.jpg","datePublished":"2023-08-04T10:41:25+00:00","dateModified":"2023-08-04T10:42:31+00:00","description":"Winkel und Dichtungen, Laufschiene | Art. 1201002Z - Winkelstahl f\u00fcr Laufschienen 2,0 mm | Sicom Sistemi e Componenti.","breadcrumb":{"@id":"https:\/\/www.sicomsys.com\/de\/shop\/1201002z-winkelstahl-fuer-laufschienen-20-mm\/#breadcrumb"},"inLanguage":"de","potentialAction":[{"@type":"ReadAction","target":["https:\/\/www.sicomsys.com\/de\/shop\/1201002z-winkelstahl-fuer-laufschienen-20-mm\/"]}]},{"@type":"ImageObject","inLanguage":"de","@id":"https:\/\/www.sicomsys.com\/de\/shop\/1201002z-winkelstahl-fuer-laufschienen-20-mm\/#primaryimage","url":"https:\/\/www.sicomsys.com\/wp-content\/uploads\/2020\/04\/img_210.jpg","contentUrl":"https:\/\/www.sicomsys.com\/wp-content\/uploads\/2020\/04\/img_210.jpg","width":640,"height":480},{"@type":"BreadcrumbList","@id":"https:\/\/www.sicomsys.com\/de\/shop\/1201002z-winkelstahl-fuer-laufschienen-20-mm\/#breadcrumb","itemListElement":[{"@type":"ListItem","position":1,"name":"Home","item":"https:\/\/www.sicomsys.com\/de\/"},{"@type":"ListItem","position":2,"name":"Produktkategorien","item":"https:\/\/www.sicomsys.com\/de\/shop\/"},{"@type":"ListItem","position":3,"name":"1201002Z &#8211; Winkelstahl f\u00fcr Laufschienen 2,0 mm"}]},{"@type":"WebSite","@id":"https:\/\/www.sicomsys.com\/#website","url":"https:\/\/www.sicomsys.com\/","name":"Sicom Sistemi e Componenti","description":"Sicom - Gruppo Breda Chiusure","publisher":{"@id":"https:\/\/www.sicomsys.com\/#organization"},"potentialAction":[{"@type":"SearchAction","target":{"@type":"EntryPoint","urlTemplate":"https:\/\/www.sicomsys.com\/?s={search_term_string}"},"query-input":{"@type":"PropertyValueSpecification","valueRequired":true,"valueName":"search_term_string"}}],"inLanguage":"de"},{"@type":"Organization","@id":"https:\/\/www.sicomsys.com\/#organization","name":"Sicom Sistemi e Componenti","url":"https:\/\/www.sicomsys.com\/","logo":{"@type":"ImageObject","inLanguage":"de","@id":"https:\/\/www.sicomsys.com\/#\/schema\/logo\/image\/","url":"https:\/\/www.sicomsys.com\/wp-content\/uploads\/2019\/09\/Logo-Sicom-orizzontale-h100-2.png","contentUrl":"https:\/\/www.sicomsys.com\/wp-content\/uploads\/2019\/09\/Logo-Sicom-orizzontale-h100-2.png","width":522,"height":100,"caption":"Sicom Sistemi e Componenti"},"image":{"@id":"https:\/\/www.sicomsys.com\/#\/schema\/logo\/image\/"}}]}},"_links":{"self":[{"href":"https:\/\/www.sicomsys.com\/de\/wp-json\/wp\/v2\/product\/233782","targetHints":{"allow":["GET"]}}],"collection":[{"href":"https:\/\/www.sicomsys.com\/de\/wp-json\/wp\/v2\/product"}],"about":[{"href":"https:\/\/www.sicomsys.com\/de\/wp-json\/wp\/v2\/types\/product"}],"replies":[{"embeddable":true,"href":"https:\/\/www.sicomsys.com\/de\/wp-json\/wp\/v2\/comments?post=233782"}],"wp:featuredmedia":[{"embeddable":true,"href":"https:\/\/www.sicomsys.com\/de\/wp-json\/wp\/v2\/media\/13600"}],"wp:attachment":[{"href":"https:\/\/www.sicomsys.com\/de\/wp-json\/wp\/v2\/media?parent=233782"}],"wp:term":[{"taxonomy":"product_brand","embeddable":true,"href":"https:\/\/www.sicomsys.com\/de\/wp-json\/wp\/v2\/product_brand?post=233782"},{"taxonomy":"product_cat","embeddable":true,"href":"https:\/\/www.sicomsys.com\/de\/wp-json\/wp\/v2\/product_cat?post=233782"},{"taxonomy":"product_tag","embeddable":true,"href":"https:\/\/www.sicomsys.com\/de\/wp-json\/wp\/v2\/product_tag?post=233782"}],"curies":[{"name":"wp","href":"https:\/\/api.w.org\/{rel}","templated":true}]}}