{"id":234072,"date":"2023-08-04T12:49:06","date_gmt":"2023-08-04T10:49:06","guid":{"rendered":"https:\/\/www.sicomsys.com\/shop\/1309005z-drahtseil-aus-verzinktem-stahl-durchmesser-5-mm-montiert\/"},"modified":"2023-08-04T12:49:54","modified_gmt":"2023-08-04T10:49:54","slug":"1309005z-drahtseil-aus-verzinktem-stahl-durchmesser-5-mm-montiert","status":"publish","type":"product","link":"https:\/\/www.sicomsys.com\/de\/shop\/1309005z-drahtseil-aus-verzinktem-stahl-durchmesser-5-mm-montiert\/","title":{"rendered":"1309005Z &#8211; Drahtseil aus verzinktem Stahl Durchmesser 5 mm montiert"},"content":{"rendered":"<p>Drahtseil aus verzinktem Stahl &#8222;Aircraft&#8220;-Typ 7 x 19 = 133 Dr\u00e4hte. Geliefert mit Kauschen und Seilklemmen. Tragf\u00e4higkeit mit  Sicherheitkoeffizient 6.  Tragf\u00e4higkeit f\u00fcr ein Paar Seile. Kode 1309003Z Tragf\u00e4higkeit Kg. 170   Kode 1309004Z Tragf\u00e4higkeit Kg. 300   Kode 1309005Z Tragf\u00e4higkeit Kg. 500   Kode 1309006Z Tragf\u00e4higkeit Kg. 750<\/p>\n<p>Paket: 10 &#8211; Gewicht: 0,1061 kg pro Laufmeter.<\/p>","protected":false},"excerpt":{"rendered":"<p><b><\/b> <b><\/b><br \/>Paket: 10 &#8211; Gewicht: 0,1061 kg pro Laufmeter.<\/p>","protected":false},"featured_media":14479,"comment_status":"closed","ping_status":"open","template":"","meta":{"_monsterinsights_skip_tracking":false,"_monsterinsights_sitenote_active":false,"_monsterinsights_sitenote_note":"","_monsterinsights_sitenote_category":0},"product_brand":[],"product_cat":[713,707],"product_tag":[1008],"class_list":{"0":"post-234072","1":"product","2":"type-product","3":"status-publish","4":"has-post-thumbnail","6":"product_cat-seile","7":"product_cat-andere-zubehorteile-und-eisenware","8":"product_tag-sectionaltore-zubehorteile","11":"first","12":"instock","13":"purchasable","14":"product-type-simple"},"yoast_head":"<!-- This site is optimized with the Yoast SEO plugin v27.1.1 - https:\/\/yoast.com\/product\/yoast-seo-wordpress\/ -->\n<title>Sicom - 1309005Z - Drahtseil aus verzinktem Stahl Durchmesser 5 mm montiert<\/title>\n<meta name=\"description\" content=\"Seile, Andere Zubeh\u00f6rteile und Eisenware | Art. 1309005Z - Drahtseil aus verzinktem Stahl Durchmesser 5 mm montiert | Sicom Sistemi e Componenti.\" \/>\n<meta name=\"robots\" content=\"index, follow, max-snippet:-1, max-image-preview:large, max-video-preview:-1\" \/>\n<link rel=\"canonical\" href=\"https:\/\/www.sicomsys.com\/de\/shop\/1309005z-drahtseil-aus-verzinktem-stahl-durchmesser-5-mm-montiert\/\" \/>\n<meta property=\"og:locale\" content=\"de_DE\" \/>\n<meta property=\"og:type\" content=\"article\" \/>\n<meta property=\"og:title\" content=\"Sicom - 1309005Z - Drahtseil aus verzinktem Stahl Durchmesser 5 mm montiert\" \/>\n<meta property=\"og:description\" content=\"Seile, Andere Zubeh\u00f6rteile und Eisenware | Art. 1309005Z - Drahtseil aus verzinktem Stahl Durchmesser 5 mm montiert | Sicom Sistemi e Componenti.\" \/>\n<meta property=\"og:url\" content=\"https:\/\/www.sicomsys.com\/de\/shop\/1309005z-drahtseil-aus-verzinktem-stahl-durchmesser-5-mm-montiert\/\" \/>\n<meta property=\"og:site_name\" content=\"Sicom Sistemi e Componenti\" \/>\n<meta property=\"article:modified_time\" content=\"2023-08-04T10:49:54+00:00\" \/>\n<meta property=\"og:image\" content=\"https:\/\/www.sicomsys.com\/wp-content\/uploads\/2020\/04\/img_392.jpg\" \/>\n\t<meta property=\"og:image:width\" content=\"640\" \/>\n\t<meta property=\"og:image:height\" content=\"438\" \/>\n\t<meta property=\"og:image:type\" content=\"image\/jpeg\" \/>\n<meta name=\"twitter:card\" content=\"summary_large_image\" \/>\n<script type=\"application\/ld+json\" class=\"yoast-schema-graph\">{\"@context\":\"https:\/\/schema.org\",\"@graph\":[{\"@type\":\"WebPage\",\"@id\":\"https:\/\/www.sicomsys.com\/de\/shop\/1309005z-drahtseil-aus-verzinktem-stahl-durchmesser-5-mm-montiert\/\",\"url\":\"https:\/\/www.sicomsys.com\/de\/shop\/1309005z-drahtseil-aus-verzinktem-stahl-durchmesser-5-mm-montiert\/\",\"name\":\"Sicom - 1309005Z - Drahtseil aus verzinktem Stahl Durchmesser 5 mm montiert\",\"isPartOf\":{\"@id\":\"https:\/\/www.sicomsys.com\/#website\"},\"primaryImageOfPage\":{\"@id\":\"https:\/\/www.sicomsys.com\/de\/shop\/1309005z-drahtseil-aus-verzinktem-stahl-durchmesser-5-mm-montiert\/#primaryimage\"},\"image\":{\"@id\":\"https:\/\/www.sicomsys.com\/de\/shop\/1309005z-drahtseil-aus-verzinktem-stahl-durchmesser-5-mm-montiert\/#primaryimage\"},\"thumbnailUrl\":\"https:\/\/www.sicomsys.com\/wp-content\/uploads\/2020\/04\/img_392.jpg\",\"datePublished\":\"2023-08-04T10:49:06+00:00\",\"dateModified\":\"2023-08-04T10:49:54+00:00\",\"description\":\"Seile, Andere Zubeh\u00f6rteile und Eisenware | Art. 1309005Z - Drahtseil aus verzinktem Stahl Durchmesser 5 mm montiert | Sicom Sistemi e Componenti.\",\"breadcrumb\":{\"@id\":\"https:\/\/www.sicomsys.com\/de\/shop\/1309005z-drahtseil-aus-verzinktem-stahl-durchmesser-5-mm-montiert\/#breadcrumb\"},\"inLanguage\":\"de\",\"potentialAction\":[{\"@type\":\"ReadAction\",\"target\":[\"https:\/\/www.sicomsys.com\/de\/shop\/1309005z-drahtseil-aus-verzinktem-stahl-durchmesser-5-mm-montiert\/\"]}]},{\"@type\":\"ImageObject\",\"inLanguage\":\"de\",\"@id\":\"https:\/\/www.sicomsys.com\/de\/shop\/1309005z-drahtseil-aus-verzinktem-stahl-durchmesser-5-mm-montiert\/#primaryimage\",\"url\":\"https:\/\/www.sicomsys.com\/wp-content\/uploads\/2020\/04\/img_392.jpg\",\"contentUrl\":\"https:\/\/www.sicomsys.com\/wp-content\/uploads\/2020\/04\/img_392.jpg\",\"width\":640,\"height\":438},{\"@type\":\"BreadcrumbList\",\"@id\":\"https:\/\/www.sicomsys.com\/de\/shop\/1309005z-drahtseil-aus-verzinktem-stahl-durchmesser-5-mm-montiert\/#breadcrumb\",\"itemListElement\":[{\"@type\":\"ListItem\",\"position\":1,\"name\":\"Home\",\"item\":\"https:\/\/www.sicomsys.com\/de\/\"},{\"@type\":\"ListItem\",\"position\":2,\"name\":\"Produktkategorien\",\"item\":\"https:\/\/www.sicomsys.com\/de\/shop\/\"},{\"@type\":\"ListItem\",\"position\":3,\"name\":\"1309005Z &#8211; Drahtseil aus verzinktem Stahl Durchmesser 5 mm montiert\"}]},{\"@type\":\"WebSite\",\"@id\":\"https:\/\/www.sicomsys.com\/#website\",\"url\":\"https:\/\/www.sicomsys.com\/\",\"name\":\"Sicom Sistemi e Componenti\",\"description\":\"Sicom - Gruppo Breda Chiusure\",\"publisher\":{\"@id\":\"https:\/\/www.sicomsys.com\/#organization\"},\"potentialAction\":[{\"@type\":\"SearchAction\",\"target\":{\"@type\":\"EntryPoint\",\"urlTemplate\":\"https:\/\/www.sicomsys.com\/?s={search_term_string}\"},\"query-input\":{\"@type\":\"PropertyValueSpecification\",\"valueRequired\":true,\"valueName\":\"search_term_string\"}}],\"inLanguage\":\"de\"},{\"@type\":\"Organization\",\"@id\":\"https:\/\/www.sicomsys.com\/#organization\",\"name\":\"Sicom Sistemi e Componenti\",\"url\":\"https:\/\/www.sicomsys.com\/\",\"logo\":{\"@type\":\"ImageObject\",\"inLanguage\":\"de\",\"@id\":\"https:\/\/www.sicomsys.com\/#\/schema\/logo\/image\/\",\"url\":\"https:\/\/www.sicomsys.com\/wp-content\/uploads\/2019\/09\/Logo-Sicom-orizzontale-h100-2.png\",\"contentUrl\":\"https:\/\/www.sicomsys.com\/wp-content\/uploads\/2019\/09\/Logo-Sicom-orizzontale-h100-2.png\",\"width\":522,\"height\":100,\"caption\":\"Sicom Sistemi e Componenti\"},\"image\":{\"@id\":\"https:\/\/www.sicomsys.com\/#\/schema\/logo\/image\/\"}}]}<\/script>\n<!-- \/ Yoast SEO plugin. -->","yoast_head_json":{"title":"Sicom - 1309005Z - Drahtseil aus verzinktem Stahl Durchmesser 5 mm montiert","description":"Seile, Andere Zubeh\u00f6rteile und Eisenware | Art. 1309005Z - Drahtseil aus verzinktem Stahl Durchmesser 5 mm montiert | Sicom Sistemi e Componenti.","robots":{"index":"index","follow":"follow","max-snippet":"max-snippet:-1","max-image-preview":"max-image-preview:large","max-video-preview":"max-video-preview:-1"},"canonical":"https:\/\/www.sicomsys.com\/de\/shop\/1309005z-drahtseil-aus-verzinktem-stahl-durchmesser-5-mm-montiert\/","og_locale":"de_DE","og_type":"article","og_title":"Sicom - 1309005Z - Drahtseil aus verzinktem Stahl Durchmesser 5 mm montiert","og_description":"Seile, Andere Zubeh\u00f6rteile und Eisenware | Art. 1309005Z - Drahtseil aus verzinktem Stahl Durchmesser 5 mm montiert | Sicom Sistemi e Componenti.","og_url":"https:\/\/www.sicomsys.com\/de\/shop\/1309005z-drahtseil-aus-verzinktem-stahl-durchmesser-5-mm-montiert\/","og_site_name":"Sicom Sistemi e Componenti","article_modified_time":"2023-08-04T10:49:54+00:00","og_image":[{"width":640,"height":438,"url":"https:\/\/www.sicomsys.com\/wp-content\/uploads\/2020\/04\/img_392.jpg","type":"image\/jpeg"}],"twitter_card":"summary_large_image","schema":{"@context":"https:\/\/schema.org","@graph":[{"@type":"WebPage","@id":"https:\/\/www.sicomsys.com\/de\/shop\/1309005z-drahtseil-aus-verzinktem-stahl-durchmesser-5-mm-montiert\/","url":"https:\/\/www.sicomsys.com\/de\/shop\/1309005z-drahtseil-aus-verzinktem-stahl-durchmesser-5-mm-montiert\/","name":"Sicom - 1309005Z - Drahtseil aus verzinktem Stahl Durchmesser 5 mm montiert","isPartOf":{"@id":"https:\/\/www.sicomsys.com\/#website"},"primaryImageOfPage":{"@id":"https:\/\/www.sicomsys.com\/de\/shop\/1309005z-drahtseil-aus-verzinktem-stahl-durchmesser-5-mm-montiert\/#primaryimage"},"image":{"@id":"https:\/\/www.sicomsys.com\/de\/shop\/1309005z-drahtseil-aus-verzinktem-stahl-durchmesser-5-mm-montiert\/#primaryimage"},"thumbnailUrl":"https:\/\/www.sicomsys.com\/wp-content\/uploads\/2020\/04\/img_392.jpg","datePublished":"2023-08-04T10:49:06+00:00","dateModified":"2023-08-04T10:49:54+00:00","description":"Seile, Andere Zubeh\u00f6rteile und Eisenware | Art. 1309005Z - Drahtseil aus verzinktem Stahl Durchmesser 5 mm montiert | Sicom Sistemi e Componenti.","breadcrumb":{"@id":"https:\/\/www.sicomsys.com\/de\/shop\/1309005z-drahtseil-aus-verzinktem-stahl-durchmesser-5-mm-montiert\/#breadcrumb"},"inLanguage":"de","potentialAction":[{"@type":"ReadAction","target":["https:\/\/www.sicomsys.com\/de\/shop\/1309005z-drahtseil-aus-verzinktem-stahl-durchmesser-5-mm-montiert\/"]}]},{"@type":"ImageObject","inLanguage":"de","@id":"https:\/\/www.sicomsys.com\/de\/shop\/1309005z-drahtseil-aus-verzinktem-stahl-durchmesser-5-mm-montiert\/#primaryimage","url":"https:\/\/www.sicomsys.com\/wp-content\/uploads\/2020\/04\/img_392.jpg","contentUrl":"https:\/\/www.sicomsys.com\/wp-content\/uploads\/2020\/04\/img_392.jpg","width":640,"height":438},{"@type":"BreadcrumbList","@id":"https:\/\/www.sicomsys.com\/de\/shop\/1309005z-drahtseil-aus-verzinktem-stahl-durchmesser-5-mm-montiert\/#breadcrumb","itemListElement":[{"@type":"ListItem","position":1,"name":"Home","item":"https:\/\/www.sicomsys.com\/de\/"},{"@type":"ListItem","position":2,"name":"Produktkategorien","item":"https:\/\/www.sicomsys.com\/de\/shop\/"},{"@type":"ListItem","position":3,"name":"1309005Z &#8211; Drahtseil aus verzinktem Stahl Durchmesser 5 mm montiert"}]},{"@type":"WebSite","@id":"https:\/\/www.sicomsys.com\/#website","url":"https:\/\/www.sicomsys.com\/","name":"Sicom Sistemi e Componenti","description":"Sicom - Gruppo Breda Chiusure","publisher":{"@id":"https:\/\/www.sicomsys.com\/#organization"},"potentialAction":[{"@type":"SearchAction","target":{"@type":"EntryPoint","urlTemplate":"https:\/\/www.sicomsys.com\/?s={search_term_string}"},"query-input":{"@type":"PropertyValueSpecification","valueRequired":true,"valueName":"search_term_string"}}],"inLanguage":"de"},{"@type":"Organization","@id":"https:\/\/www.sicomsys.com\/#organization","name":"Sicom Sistemi e Componenti","url":"https:\/\/www.sicomsys.com\/","logo":{"@type":"ImageObject","inLanguage":"de","@id":"https:\/\/www.sicomsys.com\/#\/schema\/logo\/image\/","url":"https:\/\/www.sicomsys.com\/wp-content\/uploads\/2019\/09\/Logo-Sicom-orizzontale-h100-2.png","contentUrl":"https:\/\/www.sicomsys.com\/wp-content\/uploads\/2019\/09\/Logo-Sicom-orizzontale-h100-2.png","width":522,"height":100,"caption":"Sicom Sistemi e Componenti"},"image":{"@id":"https:\/\/www.sicomsys.com\/#\/schema\/logo\/image\/"}}]}},"_links":{"self":[{"href":"https:\/\/www.sicomsys.com\/de\/wp-json\/wp\/v2\/product\/234072","targetHints":{"allow":["GET"]}}],"collection":[{"href":"https:\/\/www.sicomsys.com\/de\/wp-json\/wp\/v2\/product"}],"about":[{"href":"https:\/\/www.sicomsys.com\/de\/wp-json\/wp\/v2\/types\/product"}],"replies":[{"embeddable":true,"href":"https:\/\/www.sicomsys.com\/de\/wp-json\/wp\/v2\/comments?post=234072"}],"wp:featuredmedia":[{"embeddable":true,"href":"https:\/\/www.sicomsys.com\/de\/wp-json\/wp\/v2\/media\/14479"}],"wp:attachment":[{"href":"https:\/\/www.sicomsys.com\/de\/wp-json\/wp\/v2\/media?parent=234072"}],"wp:term":[{"taxonomy":"product_brand","embeddable":true,"href":"https:\/\/www.sicomsys.com\/de\/wp-json\/wp\/v2\/product_brand?post=234072"},{"taxonomy":"product_cat","embeddable":true,"href":"https:\/\/www.sicomsys.com\/de\/wp-json\/wp\/v2\/product_cat?post=234072"},{"taxonomy":"product_tag","embeddable":true,"href":"https:\/\/www.sicomsys.com\/de\/wp-json\/wp\/v2\/product_tag?post=234072"}],"curies":[{"name":"wp","href":"https:\/\/api.w.org\/{rel}","templated":true}]}}