{"id":234324,"date":"2023-08-04T12:53:55","date_gmt":"2023-08-04T10:53:55","guid":{"rendered":"https:\/\/www.sicomsys.com\/shop\/241600200101-atlante-fluegelsammlung-auf-1-seite-hoechst-700-kg\/"},"modified":"2023-08-04T12:55:58","modified_gmt":"2023-08-04T10:55:58","slug":"241600200101-atlante-fluegelsammlung-auf-1-seite-hoechst-700-kg","status":"publish","type":"product","link":"https:\/\/www.sicomsys.com\/de\/shop\/241600200101-atlante-fluegelsammlung-auf-1-seite-hoechst-700-kg\/","title":{"rendered":"241600200101 &#8211; Atlante &#8211; Fl\u00fcgelsammlung auf 1 Seite h\u00f6chst 700 Kg."},"content":{"rendered":"<p>Atlante &#8211; Fl\u00fcgelsammlung auf 1 Seite<\/p>\n<p>Paket: 1 &#8211; Gewicht: 0 kg pro St\u00fcck.<\/p>","protected":false},"excerpt":{"rendered":"<p><b>Preis pro St\u00fcck<\/b> <b><\/b><br \/>Paket: 1 &#8211; Gewicht: 0 kg pro St\u00fcck.<\/p>","protected":false},"featured_media":15793,"comment_status":"closed","ping_status":"open","template":"","meta":{"_monsterinsights_skip_tracking":false,"_monsterinsights_sitenote_active":false,"_monsterinsights_sitenote_note":"","_monsterinsights_sitenote_category":0},"product_brand":[],"product_cat":[980,974],"product_tag":[1010],"class_list":{"0":"post-234324","1":"product","2":"type-product","3":"status-publish","4":"has-post-thumbnail","6":"product_cat-fuhrungen-book","7":"product_cat-falttor-rahmen-und-fuhrungen","8":"product_tag-falttore-zubehorteile","11":"first","12":"instock","13":"purchasable","14":"product-type-simple"},"yoast_head":"<!-- This site is optimized with the Yoast SEO plugin v27.1.1 - https:\/\/yoast.com\/product\/yoast-seo-wordpress\/ -->\n<title>Sicom - 241600200101 - Atlante - Fl\u00fcgelsammlung auf 1 Seite h\u00f6chst 700 Kg.<\/title>\n<meta name=\"description\" content=\"F\u00fchrungen, Falttor- Rahmen und F\u00fchrungen | Art. 241600200101 - Atlante - Fl\u00fcgelsammlung auf 1 Seite h\u00f6chst 700 Kg. | Sicom Sistemi e Componenti.\" \/>\n<meta name=\"robots\" content=\"index, follow, max-snippet:-1, max-image-preview:large, max-video-preview:-1\" \/>\n<link rel=\"canonical\" href=\"https:\/\/www.sicomsys.com\/de\/shop\/241600200101-atlante-fluegelsammlung-auf-1-seite-hoechst-700-kg\/\" \/>\n<meta property=\"og:locale\" content=\"de_DE\" \/>\n<meta property=\"og:type\" content=\"article\" \/>\n<meta property=\"og:title\" content=\"Sicom - 241600200101 - Atlante - Fl\u00fcgelsammlung auf 1 Seite h\u00f6chst 700 Kg.\" \/>\n<meta property=\"og:description\" content=\"F\u00fchrungen, Falttor- Rahmen und F\u00fchrungen | Art. 241600200101 - Atlante - Fl\u00fcgelsammlung auf 1 Seite h\u00f6chst 700 Kg. | Sicom Sistemi e Componenti.\" \/>\n<meta property=\"og:url\" content=\"https:\/\/www.sicomsys.com\/de\/shop\/241600200101-atlante-fluegelsammlung-auf-1-seite-hoechst-700-kg\/\" \/>\n<meta property=\"og:site_name\" content=\"Sicom Sistemi e Componenti\" \/>\n<meta property=\"article:modified_time\" content=\"2023-08-04T10:55:58+00:00\" \/>\n<meta property=\"og:image\" content=\"https:\/\/www.sicomsys.com\/wp-content\/uploads\/2020\/04\/img_5371.jpg\" \/>\n\t<meta property=\"og:image:width\" content=\"640\" \/>\n\t<meta property=\"og:image:height\" content=\"480\" \/>\n\t<meta property=\"og:image:type\" content=\"image\/jpeg\" \/>\n<meta name=\"twitter:card\" content=\"summary_large_image\" \/>\n<script type=\"application\/ld+json\" class=\"yoast-schema-graph\">{\"@context\":\"https:\/\/schema.org\",\"@graph\":[{\"@type\":\"WebPage\",\"@id\":\"https:\/\/www.sicomsys.com\/de\/shop\/241600200101-atlante-fluegelsammlung-auf-1-seite-hoechst-700-kg\/\",\"url\":\"https:\/\/www.sicomsys.com\/de\/shop\/241600200101-atlante-fluegelsammlung-auf-1-seite-hoechst-700-kg\/\",\"name\":\"Sicom - 241600200101 - Atlante - Fl\u00fcgelsammlung auf 1 Seite h\u00f6chst 700 Kg.\",\"isPartOf\":{\"@id\":\"https:\/\/www.sicomsys.com\/#website\"},\"primaryImageOfPage\":{\"@id\":\"https:\/\/www.sicomsys.com\/de\/shop\/241600200101-atlante-fluegelsammlung-auf-1-seite-hoechst-700-kg\/#primaryimage\"},\"image\":{\"@id\":\"https:\/\/www.sicomsys.com\/de\/shop\/241600200101-atlante-fluegelsammlung-auf-1-seite-hoechst-700-kg\/#primaryimage\"},\"thumbnailUrl\":\"https:\/\/www.sicomsys.com\/wp-content\/uploads\/2020\/04\/img_5371.jpg\",\"datePublished\":\"2023-08-04T10:53:55+00:00\",\"dateModified\":\"2023-08-04T10:55:58+00:00\",\"description\":\"F\u00fchrungen, Falttor- Rahmen und F\u00fchrungen | Art. 241600200101 - Atlante - Fl\u00fcgelsammlung auf 1 Seite h\u00f6chst 700 Kg. | Sicom Sistemi e Componenti.\",\"breadcrumb\":{\"@id\":\"https:\/\/www.sicomsys.com\/de\/shop\/241600200101-atlante-fluegelsammlung-auf-1-seite-hoechst-700-kg\/#breadcrumb\"},\"inLanguage\":\"de\",\"potentialAction\":[{\"@type\":\"ReadAction\",\"target\":[\"https:\/\/www.sicomsys.com\/de\/shop\/241600200101-atlante-fluegelsammlung-auf-1-seite-hoechst-700-kg\/\"]}]},{\"@type\":\"ImageObject\",\"inLanguage\":\"de\",\"@id\":\"https:\/\/www.sicomsys.com\/de\/shop\/241600200101-atlante-fluegelsammlung-auf-1-seite-hoechst-700-kg\/#primaryimage\",\"url\":\"https:\/\/www.sicomsys.com\/wp-content\/uploads\/2020\/04\/img_5371.jpg\",\"contentUrl\":\"https:\/\/www.sicomsys.com\/wp-content\/uploads\/2020\/04\/img_5371.jpg\",\"width\":640,\"height\":480},{\"@type\":\"BreadcrumbList\",\"@id\":\"https:\/\/www.sicomsys.com\/de\/shop\/241600200101-atlante-fluegelsammlung-auf-1-seite-hoechst-700-kg\/#breadcrumb\",\"itemListElement\":[{\"@type\":\"ListItem\",\"position\":1,\"name\":\"Home\",\"item\":\"https:\/\/www.sicomsys.com\/de\/\"},{\"@type\":\"ListItem\",\"position\":2,\"name\":\"Produktkategorien\",\"item\":\"https:\/\/www.sicomsys.com\/de\/shop\/\"},{\"@type\":\"ListItem\",\"position\":3,\"name\":\"241600200101 &#8211; Atlante &#8211; Fl\u00fcgelsammlung auf 1 Seite h\u00f6chst 700 Kg.\"}]},{\"@type\":\"WebSite\",\"@id\":\"https:\/\/www.sicomsys.com\/#website\",\"url\":\"https:\/\/www.sicomsys.com\/\",\"name\":\"Sicom Sistemi e Componenti\",\"description\":\"Sicom - Gruppo Breda Chiusure\",\"publisher\":{\"@id\":\"https:\/\/www.sicomsys.com\/#organization\"},\"potentialAction\":[{\"@type\":\"SearchAction\",\"target\":{\"@type\":\"EntryPoint\",\"urlTemplate\":\"https:\/\/www.sicomsys.com\/?s={search_term_string}\"},\"query-input\":{\"@type\":\"PropertyValueSpecification\",\"valueRequired\":true,\"valueName\":\"search_term_string\"}}],\"inLanguage\":\"de\"},{\"@type\":\"Organization\",\"@id\":\"https:\/\/www.sicomsys.com\/#organization\",\"name\":\"Sicom Sistemi e Componenti\",\"url\":\"https:\/\/www.sicomsys.com\/\",\"logo\":{\"@type\":\"ImageObject\",\"inLanguage\":\"de\",\"@id\":\"https:\/\/www.sicomsys.com\/#\/schema\/logo\/image\/\",\"url\":\"https:\/\/www.sicomsys.com\/wp-content\/uploads\/2019\/09\/Logo-Sicom-orizzontale-h100-2.png\",\"contentUrl\":\"https:\/\/www.sicomsys.com\/wp-content\/uploads\/2019\/09\/Logo-Sicom-orizzontale-h100-2.png\",\"width\":522,\"height\":100,\"caption\":\"Sicom Sistemi e Componenti\"},\"image\":{\"@id\":\"https:\/\/www.sicomsys.com\/#\/schema\/logo\/image\/\"}}]}<\/script>\n<!-- \/ Yoast SEO plugin. -->","yoast_head_json":{"title":"Sicom - 241600200101 - Atlante - Fl\u00fcgelsammlung auf 1 Seite h\u00f6chst 700 Kg.","description":"F\u00fchrungen, Falttor- Rahmen und F\u00fchrungen | Art. 241600200101 - Atlante - Fl\u00fcgelsammlung auf 1 Seite h\u00f6chst 700 Kg. | Sicom Sistemi e Componenti.","robots":{"index":"index","follow":"follow","max-snippet":"max-snippet:-1","max-image-preview":"max-image-preview:large","max-video-preview":"max-video-preview:-1"},"canonical":"https:\/\/www.sicomsys.com\/de\/shop\/241600200101-atlante-fluegelsammlung-auf-1-seite-hoechst-700-kg\/","og_locale":"de_DE","og_type":"article","og_title":"Sicom - 241600200101 - Atlante - Fl\u00fcgelsammlung auf 1 Seite h\u00f6chst 700 Kg.","og_description":"F\u00fchrungen, Falttor- Rahmen und F\u00fchrungen | Art. 241600200101 - Atlante - Fl\u00fcgelsammlung auf 1 Seite h\u00f6chst 700 Kg. | Sicom Sistemi e Componenti.","og_url":"https:\/\/www.sicomsys.com\/de\/shop\/241600200101-atlante-fluegelsammlung-auf-1-seite-hoechst-700-kg\/","og_site_name":"Sicom Sistemi e Componenti","article_modified_time":"2023-08-04T10:55:58+00:00","og_image":[{"width":640,"height":480,"url":"https:\/\/www.sicomsys.com\/wp-content\/uploads\/2020\/04\/img_5371.jpg","type":"image\/jpeg"}],"twitter_card":"summary_large_image","schema":{"@context":"https:\/\/schema.org","@graph":[{"@type":"WebPage","@id":"https:\/\/www.sicomsys.com\/de\/shop\/241600200101-atlante-fluegelsammlung-auf-1-seite-hoechst-700-kg\/","url":"https:\/\/www.sicomsys.com\/de\/shop\/241600200101-atlante-fluegelsammlung-auf-1-seite-hoechst-700-kg\/","name":"Sicom - 241600200101 - Atlante - Fl\u00fcgelsammlung auf 1 Seite h\u00f6chst 700 Kg.","isPartOf":{"@id":"https:\/\/www.sicomsys.com\/#website"},"primaryImageOfPage":{"@id":"https:\/\/www.sicomsys.com\/de\/shop\/241600200101-atlante-fluegelsammlung-auf-1-seite-hoechst-700-kg\/#primaryimage"},"image":{"@id":"https:\/\/www.sicomsys.com\/de\/shop\/241600200101-atlante-fluegelsammlung-auf-1-seite-hoechst-700-kg\/#primaryimage"},"thumbnailUrl":"https:\/\/www.sicomsys.com\/wp-content\/uploads\/2020\/04\/img_5371.jpg","datePublished":"2023-08-04T10:53:55+00:00","dateModified":"2023-08-04T10:55:58+00:00","description":"F\u00fchrungen, Falttor- Rahmen und F\u00fchrungen | Art. 241600200101 - Atlante - Fl\u00fcgelsammlung auf 1 Seite h\u00f6chst 700 Kg. | Sicom Sistemi e Componenti.","breadcrumb":{"@id":"https:\/\/www.sicomsys.com\/de\/shop\/241600200101-atlante-fluegelsammlung-auf-1-seite-hoechst-700-kg\/#breadcrumb"},"inLanguage":"de","potentialAction":[{"@type":"ReadAction","target":["https:\/\/www.sicomsys.com\/de\/shop\/241600200101-atlante-fluegelsammlung-auf-1-seite-hoechst-700-kg\/"]}]},{"@type":"ImageObject","inLanguage":"de","@id":"https:\/\/www.sicomsys.com\/de\/shop\/241600200101-atlante-fluegelsammlung-auf-1-seite-hoechst-700-kg\/#primaryimage","url":"https:\/\/www.sicomsys.com\/wp-content\/uploads\/2020\/04\/img_5371.jpg","contentUrl":"https:\/\/www.sicomsys.com\/wp-content\/uploads\/2020\/04\/img_5371.jpg","width":640,"height":480},{"@type":"BreadcrumbList","@id":"https:\/\/www.sicomsys.com\/de\/shop\/241600200101-atlante-fluegelsammlung-auf-1-seite-hoechst-700-kg\/#breadcrumb","itemListElement":[{"@type":"ListItem","position":1,"name":"Home","item":"https:\/\/www.sicomsys.com\/de\/"},{"@type":"ListItem","position":2,"name":"Produktkategorien","item":"https:\/\/www.sicomsys.com\/de\/shop\/"},{"@type":"ListItem","position":3,"name":"241600200101 &#8211; Atlante &#8211; Fl\u00fcgelsammlung auf 1 Seite h\u00f6chst 700 Kg."}]},{"@type":"WebSite","@id":"https:\/\/www.sicomsys.com\/#website","url":"https:\/\/www.sicomsys.com\/","name":"Sicom Sistemi e Componenti","description":"Sicom - Gruppo Breda Chiusure","publisher":{"@id":"https:\/\/www.sicomsys.com\/#organization"},"potentialAction":[{"@type":"SearchAction","target":{"@type":"EntryPoint","urlTemplate":"https:\/\/www.sicomsys.com\/?s={search_term_string}"},"query-input":{"@type":"PropertyValueSpecification","valueRequired":true,"valueName":"search_term_string"}}],"inLanguage":"de"},{"@type":"Organization","@id":"https:\/\/www.sicomsys.com\/#organization","name":"Sicom Sistemi e Componenti","url":"https:\/\/www.sicomsys.com\/","logo":{"@type":"ImageObject","inLanguage":"de","@id":"https:\/\/www.sicomsys.com\/#\/schema\/logo\/image\/","url":"https:\/\/www.sicomsys.com\/wp-content\/uploads\/2019\/09\/Logo-Sicom-orizzontale-h100-2.png","contentUrl":"https:\/\/www.sicomsys.com\/wp-content\/uploads\/2019\/09\/Logo-Sicom-orizzontale-h100-2.png","width":522,"height":100,"caption":"Sicom Sistemi e Componenti"},"image":{"@id":"https:\/\/www.sicomsys.com\/#\/schema\/logo\/image\/"}}]}},"_links":{"self":[{"href":"https:\/\/www.sicomsys.com\/de\/wp-json\/wp\/v2\/product\/234324","targetHints":{"allow":["GET"]}}],"collection":[{"href":"https:\/\/www.sicomsys.com\/de\/wp-json\/wp\/v2\/product"}],"about":[{"href":"https:\/\/www.sicomsys.com\/de\/wp-json\/wp\/v2\/types\/product"}],"replies":[{"embeddable":true,"href":"https:\/\/www.sicomsys.com\/de\/wp-json\/wp\/v2\/comments?post=234324"}],"wp:featuredmedia":[{"embeddable":true,"href":"https:\/\/www.sicomsys.com\/de\/wp-json\/wp\/v2\/media\/15793"}],"wp:attachment":[{"href":"https:\/\/www.sicomsys.com\/de\/wp-json\/wp\/v2\/media?parent=234324"}],"wp:term":[{"taxonomy":"product_brand","embeddable":true,"href":"https:\/\/www.sicomsys.com\/de\/wp-json\/wp\/v2\/product_brand?post=234324"},{"taxonomy":"product_cat","embeddable":true,"href":"https:\/\/www.sicomsys.com\/de\/wp-json\/wp\/v2\/product_cat?post=234324"},{"taxonomy":"product_tag","embeddable":true,"href":"https:\/\/www.sicomsys.com\/de\/wp-json\/wp\/v2\/product_tag?post=234324"}],"curies":[{"name":"wp","href":"https:\/\/api.w.org\/{rel}","templated":true}]}}