{"id":254218,"date":"2023-08-04T15:09:35","date_gmt":"2023-08-04T13:09:35","guid":{"rendered":"https:\/\/www.sicomsys.com\/shop\/1715101c-perfil-en-aluminio-para-guia-100-mm-oxidado-scotch-brite-black\/"},"modified":"2023-08-04T15:11:16","modified_gmt":"2023-08-04T13:11:16","slug":"1715101c-perfil-en-aluminio-para-guia-100-mm-oxidado-scotch-brite-black","status":"publish","type":"product","link":"https:\/\/www.sicomsys.com\/es\/shop\/1715101c-perfil-en-aluminio-para-guia-100-mm-oxidado-scotch-brite-black\/","title":{"rendered":"1715101C &#8211; Perfil en aluminio para gu\u00eda  &#8211; 100 mm &#8211; oxidado scotch brite black"},"content":{"rendered":"<p>Perfil en aluminio para gu\u00eda &#8211; oxidado scotch brite black. A utilizar en caso de falta del montante.  Por acoplamiento con los art\u00edculos c\u00f3d. 1715501 , 1715502. Largos: 5000; 5500;<\/p>\n<p>Paquete: 10 &#8211; Peso: 1,0625\u00a0kg por metro linear.<\/p>","protected":false},"excerpt":{"rendered":"<p><b><\/b> <b>Largos disponibles: 5000; 5500;<\/b><br \/>Paquete: 10 &#8211; Peso: 1,0625 kg por metro linear.<\/p>","protected":false},"featured_media":254219,"comment_status":"closed","ping_status":"open","template":"","meta":{"_monsterinsights_skip_tracking":false,"_monsterinsights_sitenote_active":false,"_monsterinsights_sitenote_note":"","_monsterinsights_sitenote_category":0},"product_brand":[],"product_cat":[969,966],"product_tag":[1016],"class_list":{"0":"post-254218","1":"product","2":"type-product","3":"status-publish","4":"has-post-thumbnail","6":"product_cat-perfiles-de-aluminio-montante","7":"product_cat-montantes-paneles-superiores-fijos-y-cubrehilos","8":"product_tag-componentes-puertas-seccionales","11":"first","12":"instock","13":"purchasable","14":"product-type-simple"},"yoast_head":"<!-- This site is optimized with the Yoast SEO plugin v27.1.1 - https:\/\/yoast.com\/product\/yoast-seo-wordpress\/ -->\n<title>Sicom - 1715101C - Perfil en aluminio para gu\u00eda - 100 mm - oxidado scotch brite black<\/title>\n<meta name=\"description\" content=\"Perfiles de aluminio montante, Montantes, paneles superiores fijos y cubrehilos | Art. 1715101C - Perfil en aluminio para gu\u00eda - 100 mm - oxidado scotch brite black | Sicom Sistemi e Componenti.\" \/>\n<meta name=\"robots\" content=\"index, follow, max-snippet:-1, max-image-preview:large, max-video-preview:-1\" \/>\n<link rel=\"canonical\" href=\"https:\/\/www.sicomsys.com\/es\/shop\/1715101c-perfil-en-aluminio-para-guia-100-mm-oxidado-scotch-brite-black\/\" \/>\n<meta property=\"og:locale\" content=\"es_ES\" \/>\n<meta property=\"og:type\" content=\"article\" \/>\n<meta property=\"og:title\" content=\"Sicom - 1715101C - Perfil en aluminio para gu\u00eda - 100 mm - oxidado scotch brite black\" \/>\n<meta property=\"og:description\" content=\"Perfiles de aluminio montante, Montantes, paneles superiores fijos y cubrehilos | Art. 1715101C - Perfil en aluminio para gu\u00eda - 100 mm - oxidado scotch brite black | Sicom Sistemi e Componenti.\" \/>\n<meta property=\"og:url\" content=\"https:\/\/www.sicomsys.com\/es\/shop\/1715101c-perfil-en-aluminio-para-guia-100-mm-oxidado-scotch-brite-black\/\" \/>\n<meta property=\"og:site_name\" content=\"Sicom Sistemi e Componenti\" \/>\n<meta property=\"article:modified_time\" content=\"2023-08-04T13:11:16+00:00\" \/>\n<meta property=\"og:image\" content=\"https:\/\/www.sicomsys.com\/wp-content\/uploads\/2023\/08\/img_3438-3.jpg\" \/>\n\t<meta property=\"og:image:width\" content=\"640\" \/>\n\t<meta property=\"og:image:height\" content=\"480\" \/>\n\t<meta property=\"og:image:type\" content=\"image\/jpeg\" \/>\n<meta name=\"twitter:card\" content=\"summary_large_image\" \/>\n<script type=\"application\/ld+json\" class=\"yoast-schema-graph\">{\"@context\":\"https:\/\/schema.org\",\"@graph\":[{\"@type\":\"WebPage\",\"@id\":\"https:\/\/www.sicomsys.com\/es\/shop\/1715101c-perfil-en-aluminio-para-guia-100-mm-oxidado-scotch-brite-black\/\",\"url\":\"https:\/\/www.sicomsys.com\/es\/shop\/1715101c-perfil-en-aluminio-para-guia-100-mm-oxidado-scotch-brite-black\/\",\"name\":\"Sicom - 1715101C - Perfil en aluminio para gu\u00eda - 100 mm - oxidado scotch brite black\",\"isPartOf\":{\"@id\":\"https:\/\/www.sicomsys.com\/#website\"},\"primaryImageOfPage\":{\"@id\":\"https:\/\/www.sicomsys.com\/es\/shop\/1715101c-perfil-en-aluminio-para-guia-100-mm-oxidado-scotch-brite-black\/#primaryimage\"},\"image\":{\"@id\":\"https:\/\/www.sicomsys.com\/es\/shop\/1715101c-perfil-en-aluminio-para-guia-100-mm-oxidado-scotch-brite-black\/#primaryimage\"},\"thumbnailUrl\":\"https:\/\/www.sicomsys.com\/wp-content\/uploads\/2023\/08\/img_3438-3.jpg\",\"datePublished\":\"2023-08-04T13:09:35+00:00\",\"dateModified\":\"2023-08-04T13:11:16+00:00\",\"description\":\"Perfiles de aluminio montante, Montantes, paneles superiores fijos y cubrehilos | Art. 1715101C - Perfil en aluminio para gu\u00eda - 100 mm - oxidado scotch brite black | Sicom Sistemi e Componenti.\",\"breadcrumb\":{\"@id\":\"https:\/\/www.sicomsys.com\/es\/shop\/1715101c-perfil-en-aluminio-para-guia-100-mm-oxidado-scotch-brite-black\/#breadcrumb\"},\"inLanguage\":\"es\",\"potentialAction\":[{\"@type\":\"ReadAction\",\"target\":[\"https:\/\/www.sicomsys.com\/es\/shop\/1715101c-perfil-en-aluminio-para-guia-100-mm-oxidado-scotch-brite-black\/\"]}]},{\"@type\":\"ImageObject\",\"inLanguage\":\"es\",\"@id\":\"https:\/\/www.sicomsys.com\/es\/shop\/1715101c-perfil-en-aluminio-para-guia-100-mm-oxidado-scotch-brite-black\/#primaryimage\",\"url\":\"https:\/\/www.sicomsys.com\/wp-content\/uploads\/2023\/08\/img_3438-3.jpg\",\"contentUrl\":\"https:\/\/www.sicomsys.com\/wp-content\/uploads\/2023\/08\/img_3438-3.jpg\",\"width\":640,\"height\":480},{\"@type\":\"BreadcrumbList\",\"@id\":\"https:\/\/www.sicomsys.com\/es\/shop\/1715101c-perfil-en-aluminio-para-guia-100-mm-oxidado-scotch-brite-black\/#breadcrumb\",\"itemListElement\":[{\"@type\":\"ListItem\",\"position\":1,\"name\":\"Home\",\"item\":\"https:\/\/www.sicomsys.com\/es\/\"},{\"@type\":\"ListItem\",\"position\":2,\"name\":\"Categor\u00edas de Productos\",\"item\":\"https:\/\/www.sicomsys.com\/es\/shop\/\"},{\"@type\":\"ListItem\",\"position\":3,\"name\":\"1715101C &#8211; Perfil en aluminio para gu\u00eda &#8211; 100 mm &#8211; oxidado scotch brite black\"}]},{\"@type\":\"WebSite\",\"@id\":\"https:\/\/www.sicomsys.com\/#website\",\"url\":\"https:\/\/www.sicomsys.com\/\",\"name\":\"Sicom Sistemi e Componenti\",\"description\":\"Sicom - Gruppo Breda Chiusure\",\"publisher\":{\"@id\":\"https:\/\/www.sicomsys.com\/#organization\"},\"potentialAction\":[{\"@type\":\"SearchAction\",\"target\":{\"@type\":\"EntryPoint\",\"urlTemplate\":\"https:\/\/www.sicomsys.com\/?s={search_term_string}\"},\"query-input\":{\"@type\":\"PropertyValueSpecification\",\"valueRequired\":true,\"valueName\":\"search_term_string\"}}],\"inLanguage\":\"es\"},{\"@type\":\"Organization\",\"@id\":\"https:\/\/www.sicomsys.com\/#organization\",\"name\":\"Sicom Sistemi e Componenti\",\"url\":\"https:\/\/www.sicomsys.com\/\",\"logo\":{\"@type\":\"ImageObject\",\"inLanguage\":\"es\",\"@id\":\"https:\/\/www.sicomsys.com\/#\/schema\/logo\/image\/\",\"url\":\"https:\/\/www.sicomsys.com\/wp-content\/uploads\/2019\/09\/Logo-Sicom-orizzontale-h100-2.png\",\"contentUrl\":\"https:\/\/www.sicomsys.com\/wp-content\/uploads\/2019\/09\/Logo-Sicom-orizzontale-h100-2.png\",\"width\":522,\"height\":100,\"caption\":\"Sicom Sistemi e Componenti\"},\"image\":{\"@id\":\"https:\/\/www.sicomsys.com\/#\/schema\/logo\/image\/\"}}]}<\/script>\n<!-- \/ Yoast SEO plugin. -->","yoast_head_json":{"title":"Sicom - 1715101C - Perfil en aluminio para gu\u00eda - 100 mm - oxidado scotch brite black","description":"Perfiles de aluminio montante, Montantes, paneles superiores fijos y cubrehilos | Art. 1715101C - Perfil en aluminio para gu\u00eda - 100 mm - oxidado scotch brite black | Sicom Sistemi e Componenti.","robots":{"index":"index","follow":"follow","max-snippet":"max-snippet:-1","max-image-preview":"max-image-preview:large","max-video-preview":"max-video-preview:-1"},"canonical":"https:\/\/www.sicomsys.com\/es\/shop\/1715101c-perfil-en-aluminio-para-guia-100-mm-oxidado-scotch-brite-black\/","og_locale":"es_ES","og_type":"article","og_title":"Sicom - 1715101C - Perfil en aluminio para gu\u00eda - 100 mm - oxidado scotch brite black","og_description":"Perfiles de aluminio montante, Montantes, paneles superiores fijos y cubrehilos | Art. 1715101C - Perfil en aluminio para gu\u00eda - 100 mm - oxidado scotch brite black | Sicom Sistemi e Componenti.","og_url":"https:\/\/www.sicomsys.com\/es\/shop\/1715101c-perfil-en-aluminio-para-guia-100-mm-oxidado-scotch-brite-black\/","og_site_name":"Sicom Sistemi e Componenti","article_modified_time":"2023-08-04T13:11:16+00:00","og_image":[{"width":640,"height":480,"url":"https:\/\/www.sicomsys.com\/wp-content\/uploads\/2023\/08\/img_3438-3.jpg","type":"image\/jpeg"}],"twitter_card":"summary_large_image","schema":{"@context":"https:\/\/schema.org","@graph":[{"@type":"WebPage","@id":"https:\/\/www.sicomsys.com\/es\/shop\/1715101c-perfil-en-aluminio-para-guia-100-mm-oxidado-scotch-brite-black\/","url":"https:\/\/www.sicomsys.com\/es\/shop\/1715101c-perfil-en-aluminio-para-guia-100-mm-oxidado-scotch-brite-black\/","name":"Sicom - 1715101C - Perfil en aluminio para gu\u00eda - 100 mm - oxidado scotch brite black","isPartOf":{"@id":"https:\/\/www.sicomsys.com\/#website"},"primaryImageOfPage":{"@id":"https:\/\/www.sicomsys.com\/es\/shop\/1715101c-perfil-en-aluminio-para-guia-100-mm-oxidado-scotch-brite-black\/#primaryimage"},"image":{"@id":"https:\/\/www.sicomsys.com\/es\/shop\/1715101c-perfil-en-aluminio-para-guia-100-mm-oxidado-scotch-brite-black\/#primaryimage"},"thumbnailUrl":"https:\/\/www.sicomsys.com\/wp-content\/uploads\/2023\/08\/img_3438-3.jpg","datePublished":"2023-08-04T13:09:35+00:00","dateModified":"2023-08-04T13:11:16+00:00","description":"Perfiles de aluminio montante, Montantes, paneles superiores fijos y cubrehilos | Art. 1715101C - Perfil en aluminio para gu\u00eda - 100 mm - oxidado scotch brite black | Sicom Sistemi e Componenti.","breadcrumb":{"@id":"https:\/\/www.sicomsys.com\/es\/shop\/1715101c-perfil-en-aluminio-para-guia-100-mm-oxidado-scotch-brite-black\/#breadcrumb"},"inLanguage":"es","potentialAction":[{"@type":"ReadAction","target":["https:\/\/www.sicomsys.com\/es\/shop\/1715101c-perfil-en-aluminio-para-guia-100-mm-oxidado-scotch-brite-black\/"]}]},{"@type":"ImageObject","inLanguage":"es","@id":"https:\/\/www.sicomsys.com\/es\/shop\/1715101c-perfil-en-aluminio-para-guia-100-mm-oxidado-scotch-brite-black\/#primaryimage","url":"https:\/\/www.sicomsys.com\/wp-content\/uploads\/2023\/08\/img_3438-3.jpg","contentUrl":"https:\/\/www.sicomsys.com\/wp-content\/uploads\/2023\/08\/img_3438-3.jpg","width":640,"height":480},{"@type":"BreadcrumbList","@id":"https:\/\/www.sicomsys.com\/es\/shop\/1715101c-perfil-en-aluminio-para-guia-100-mm-oxidado-scotch-brite-black\/#breadcrumb","itemListElement":[{"@type":"ListItem","position":1,"name":"Home","item":"https:\/\/www.sicomsys.com\/es\/"},{"@type":"ListItem","position":2,"name":"Categor\u00edas de Productos","item":"https:\/\/www.sicomsys.com\/es\/shop\/"},{"@type":"ListItem","position":3,"name":"1715101C &#8211; Perfil en aluminio para gu\u00eda &#8211; 100 mm &#8211; oxidado scotch brite black"}]},{"@type":"WebSite","@id":"https:\/\/www.sicomsys.com\/#website","url":"https:\/\/www.sicomsys.com\/","name":"Sicom Sistemi e Componenti","description":"Sicom - Gruppo Breda Chiusure","publisher":{"@id":"https:\/\/www.sicomsys.com\/#organization"},"potentialAction":[{"@type":"SearchAction","target":{"@type":"EntryPoint","urlTemplate":"https:\/\/www.sicomsys.com\/?s={search_term_string}"},"query-input":{"@type":"PropertyValueSpecification","valueRequired":true,"valueName":"search_term_string"}}],"inLanguage":"es"},{"@type":"Organization","@id":"https:\/\/www.sicomsys.com\/#organization","name":"Sicom Sistemi e Componenti","url":"https:\/\/www.sicomsys.com\/","logo":{"@type":"ImageObject","inLanguage":"es","@id":"https:\/\/www.sicomsys.com\/#\/schema\/logo\/image\/","url":"https:\/\/www.sicomsys.com\/wp-content\/uploads\/2019\/09\/Logo-Sicom-orizzontale-h100-2.png","contentUrl":"https:\/\/www.sicomsys.com\/wp-content\/uploads\/2019\/09\/Logo-Sicom-orizzontale-h100-2.png","width":522,"height":100,"caption":"Sicom Sistemi e Componenti"},"image":{"@id":"https:\/\/www.sicomsys.com\/#\/schema\/logo\/image\/"}}]}},"_links":{"self":[{"href":"https:\/\/www.sicomsys.com\/es\/wp-json\/wp\/v2\/product\/254218","targetHints":{"allow":["GET"]}}],"collection":[{"href":"https:\/\/www.sicomsys.com\/es\/wp-json\/wp\/v2\/product"}],"about":[{"href":"https:\/\/www.sicomsys.com\/es\/wp-json\/wp\/v2\/types\/product"}],"replies":[{"embeddable":true,"href":"https:\/\/www.sicomsys.com\/es\/wp-json\/wp\/v2\/comments?post=254218"}],"wp:featuredmedia":[{"embeddable":true,"href":"https:\/\/www.sicomsys.com\/es\/wp-json\/wp\/v2\/media\/254219"}],"wp:attachment":[{"href":"https:\/\/www.sicomsys.com\/es\/wp-json\/wp\/v2\/media?parent=254218"}],"wp:term":[{"taxonomy":"product_brand","embeddable":true,"href":"https:\/\/www.sicomsys.com\/es\/wp-json\/wp\/v2\/product_brand?post=254218"},{"taxonomy":"product_cat","embeddable":true,"href":"https:\/\/www.sicomsys.com\/es\/wp-json\/wp\/v2\/product_cat?post=254218"},{"taxonomy":"product_tag","embeddable":true,"href":"https:\/\/www.sicomsys.com\/es\/wp-json\/wp\/v2\/product_tag?post=254218"}],"curies":[{"name":"wp","href":"https:\/\/api.w.org\/{rel}","templated":true}]}}