{"id":235690,"date":"2023-08-04T13:33:10","date_gmt":"2023-08-04T11:33:10","guid":{"rendered":"https:\/\/www.sicomsys.com\/shop\/161911a50104-panneau-secur-pan-615x42-multi-c21semblable-beton\/"},"modified":"2023-08-04T13:35:10","modified_gmt":"2023-08-04T11:35:10","slug":"161911a50104-panneau-secur-pan-615x42-multi-c21semblable-beton","status":"publish","type":"product","link":"https:\/\/www.sicomsys.com\/fr\/shop\/161911a50104-panneau-secur-pan-615x42-multi-c21semblable-beton\/","title":{"rendered":"161911A50104 &#8211; Panneau SECUR-PAN 615&#215;42 MULTI C21+SEMBLABLE B\u00c9TON"},"content":{"rendered":"<p>Panneau SECUR-PAN 615\/42, semblable b\u00e9ton, \u00e0 rainures. Profil m\u00e2le et femelle anti-pince doigts.  Compos\u00e9 par deux t\u00f4les en acier galvanis\u00e9, pr\u00e9laqu\u00e9, c\u00f4t\u00e9 int\u00e9rieur finition stucco et ext\u00e9rieur lisse semblable bois. Remplissage avec mousse de polyur\u00e9thane sans CFC. Deux barres de renfort longitudinales \u00e0 l&rsquo;int\u00e9rieur. Epaisseur du panneau 42 mm.<\/p>\n<p>Emballage: 16 &#8211; Poids: 6,8855 kg au m\u00e8tre lin\u00e9aire.<\/p>","protected":false},"excerpt":{"rendered":"<p><b><\/b> <b><\/b><br \/>Emballage: 16 &#8211; Poids: 6,8855 kg au m\u00e8tre lin\u00e9aire.<\/p>","protected":false},"featured_media":235691,"comment_status":"closed","ping_status":"open","template":"","meta":{"_monsterinsights_skip_tracking":false,"_monsterinsights_sitenote_active":false,"_monsterinsights_sitenote_note":"","_monsterinsights_sitenote_category":0},"product_brand":[],"product_cat":[853,895],"product_tag":[1011],"class_list":{"0":"post-235690","1":"product","2":"type-product","3":"status-publish","4":"has-post-thumbnail","6":"product_cat-panneaux","7":"product_cat-secur-pan-touch-multi-fr","8":"product_tag-panneaux-portes-sectionnelles","11":"first","12":"instock","13":"purchasable","14":"product-type-simple"},"yoast_head":"<!-- This site is optimized with the Yoast SEO plugin v27.1.1 - https:\/\/yoast.com\/product\/yoast-seo-wordpress\/ -->\n<title>Sicom - 161911A50104 - Panneau SECUR-PAN 615x42 MULTI C21+SEMBLABLE B\u00c9TON<\/title>\n<meta name=\"description\" content=\"Panneaux, SECUR-PAN touch multi | Art. 161911A50104 - Panneau SECUR-PAN 615x42 MULTI C21+SEMBLABLE B\u00c9TON | Sicom Sistemi e Componenti.\" \/>\n<meta name=\"robots\" content=\"index, follow, max-snippet:-1, max-image-preview:large, max-video-preview:-1\" \/>\n<link rel=\"canonical\" href=\"https:\/\/www.sicomsys.com\/fr\/shop\/161911a50104-panneau-secur-pan-615x42-multi-c21semblable-beton\/\" \/>\n<meta property=\"og:locale\" content=\"fr_FR\" \/>\n<meta property=\"og:type\" content=\"article\" \/>\n<meta property=\"og:title\" content=\"Sicom - 161911A50104 - Panneau SECUR-PAN 615x42 MULTI C21+SEMBLABLE B\u00c9TON\" \/>\n<meta property=\"og:description\" content=\"Panneaux, SECUR-PAN touch multi | Art. 161911A50104 - Panneau SECUR-PAN 615x42 MULTI C21+SEMBLABLE B\u00c9TON | Sicom Sistemi e Componenti.\" \/>\n<meta property=\"og:url\" content=\"https:\/\/www.sicomsys.com\/fr\/shop\/161911a50104-panneau-secur-pan-615x42-multi-c21semblable-beton\/\" \/>\n<meta property=\"og:site_name\" content=\"Sicom Sistemi e Componenti\" \/>\n<meta property=\"article:modified_time\" content=\"2023-08-04T11:35:10+00:00\" \/>\n<meta property=\"og:image\" content=\"https:\/\/www.sicomsys.com\/wp-content\/uploads\/2023\/08\/img_7098-2.jpg\" \/>\n\t<meta property=\"og:image:width\" content=\"640\" \/>\n\t<meta property=\"og:image:height\" content=\"479\" \/>\n\t<meta property=\"og:image:type\" content=\"image\/jpeg\" \/>\n<meta name=\"twitter:card\" content=\"summary_large_image\" \/>\n<script type=\"application\/ld+json\" class=\"yoast-schema-graph\">{\"@context\":\"https:\/\/schema.org\",\"@graph\":[{\"@type\":\"WebPage\",\"@id\":\"https:\/\/www.sicomsys.com\/fr\/shop\/161911a50104-panneau-secur-pan-615x42-multi-c21semblable-beton\/\",\"url\":\"https:\/\/www.sicomsys.com\/fr\/shop\/161911a50104-panneau-secur-pan-615x42-multi-c21semblable-beton\/\",\"name\":\"Sicom - 161911A50104 - Panneau SECUR-PAN 615x42 MULTI C21+SEMBLABLE B\u00c9TON\",\"isPartOf\":{\"@id\":\"https:\/\/www.sicomsys.com\/#website\"},\"primaryImageOfPage\":{\"@id\":\"https:\/\/www.sicomsys.com\/fr\/shop\/161911a50104-panneau-secur-pan-615x42-multi-c21semblable-beton\/#primaryimage\"},\"image\":{\"@id\":\"https:\/\/www.sicomsys.com\/fr\/shop\/161911a50104-panneau-secur-pan-615x42-multi-c21semblable-beton\/#primaryimage\"},\"thumbnailUrl\":\"https:\/\/www.sicomsys.com\/wp-content\/uploads\/2023\/08\/img_7098-2.jpg\",\"datePublished\":\"2023-08-04T11:33:10+00:00\",\"dateModified\":\"2023-08-04T11:35:10+00:00\",\"description\":\"Panneaux, SECUR-PAN touch multi | Art. 161911A50104 - Panneau SECUR-PAN 615x42 MULTI C21+SEMBLABLE B\u00c9TON | Sicom Sistemi e Componenti.\",\"breadcrumb\":{\"@id\":\"https:\/\/www.sicomsys.com\/fr\/shop\/161911a50104-panneau-secur-pan-615x42-multi-c21semblable-beton\/#breadcrumb\"},\"inLanguage\":\"fr-FR\",\"potentialAction\":[{\"@type\":\"ReadAction\",\"target\":[\"https:\/\/www.sicomsys.com\/fr\/shop\/161911a50104-panneau-secur-pan-615x42-multi-c21semblable-beton\/\"]}]},{\"@type\":\"ImageObject\",\"inLanguage\":\"fr-FR\",\"@id\":\"https:\/\/www.sicomsys.com\/fr\/shop\/161911a50104-panneau-secur-pan-615x42-multi-c21semblable-beton\/#primaryimage\",\"url\":\"https:\/\/www.sicomsys.com\/wp-content\/uploads\/2023\/08\/img_7098-2.jpg\",\"contentUrl\":\"https:\/\/www.sicomsys.com\/wp-content\/uploads\/2023\/08\/img_7098-2.jpg\",\"width\":640,\"height\":479},{\"@type\":\"BreadcrumbList\",\"@id\":\"https:\/\/www.sicomsys.com\/fr\/shop\/161911a50104-panneau-secur-pan-615x42-multi-c21semblable-beton\/#breadcrumb\",\"itemListElement\":[{\"@type\":\"ListItem\",\"position\":1,\"name\":\"Home\",\"item\":\"https:\/\/www.sicomsys.com\/fr\/\"},{\"@type\":\"ListItem\",\"position\":2,\"name\":\"Cat\u00e9gories de produits\",\"item\":\"https:\/\/www.sicomsys.com\/fr\/shop\/\"},{\"@type\":\"ListItem\",\"position\":3,\"name\":\"161911A50104 &#8211; Panneau SECUR-PAN 615&#215;42 MULTI C21+SEMBLABLE B\u00c9TON\"}]},{\"@type\":\"WebSite\",\"@id\":\"https:\/\/www.sicomsys.com\/#website\",\"url\":\"https:\/\/www.sicomsys.com\/\",\"name\":\"Sicom Sistemi e Componenti\",\"description\":\"Sicom - Gruppo Breda Chiusure\",\"publisher\":{\"@id\":\"https:\/\/www.sicomsys.com\/#organization\"},\"potentialAction\":[{\"@type\":\"SearchAction\",\"target\":{\"@type\":\"EntryPoint\",\"urlTemplate\":\"https:\/\/www.sicomsys.com\/?s={search_term_string}\"},\"query-input\":{\"@type\":\"PropertyValueSpecification\",\"valueRequired\":true,\"valueName\":\"search_term_string\"}}],\"inLanguage\":\"fr-FR\"},{\"@type\":\"Organization\",\"@id\":\"https:\/\/www.sicomsys.com\/#organization\",\"name\":\"Sicom Sistemi e Componenti\",\"url\":\"https:\/\/www.sicomsys.com\/\",\"logo\":{\"@type\":\"ImageObject\",\"inLanguage\":\"fr-FR\",\"@id\":\"https:\/\/www.sicomsys.com\/#\/schema\/logo\/image\/\",\"url\":\"https:\/\/www.sicomsys.com\/wp-content\/uploads\/2019\/09\/Logo-Sicom-orizzontale-h100-2.png\",\"contentUrl\":\"https:\/\/www.sicomsys.com\/wp-content\/uploads\/2019\/09\/Logo-Sicom-orizzontale-h100-2.png\",\"width\":522,\"height\":100,\"caption\":\"Sicom Sistemi e Componenti\"},\"image\":{\"@id\":\"https:\/\/www.sicomsys.com\/#\/schema\/logo\/image\/\"}}]}<\/script>\n<!-- \/ Yoast SEO plugin. -->","yoast_head_json":{"title":"Sicom - 161911A50104 - Panneau SECUR-PAN 615x42 MULTI C21+SEMBLABLE B\u00c9TON","description":"Panneaux, SECUR-PAN touch multi | Art. 161911A50104 - Panneau SECUR-PAN 615x42 MULTI C21+SEMBLABLE B\u00c9TON | Sicom Sistemi e Componenti.","robots":{"index":"index","follow":"follow","max-snippet":"max-snippet:-1","max-image-preview":"max-image-preview:large","max-video-preview":"max-video-preview:-1"},"canonical":"https:\/\/www.sicomsys.com\/fr\/shop\/161911a50104-panneau-secur-pan-615x42-multi-c21semblable-beton\/","og_locale":"fr_FR","og_type":"article","og_title":"Sicom - 161911A50104 - Panneau SECUR-PAN 615x42 MULTI C21+SEMBLABLE B\u00c9TON","og_description":"Panneaux, SECUR-PAN touch multi | Art. 161911A50104 - Panneau SECUR-PAN 615x42 MULTI C21+SEMBLABLE B\u00c9TON | Sicom Sistemi e Componenti.","og_url":"https:\/\/www.sicomsys.com\/fr\/shop\/161911a50104-panneau-secur-pan-615x42-multi-c21semblable-beton\/","og_site_name":"Sicom Sistemi e Componenti","article_modified_time":"2023-08-04T11:35:10+00:00","og_image":[{"width":640,"height":479,"url":"https:\/\/www.sicomsys.com\/wp-content\/uploads\/2023\/08\/img_7098-2.jpg","type":"image\/jpeg"}],"twitter_card":"summary_large_image","schema":{"@context":"https:\/\/schema.org","@graph":[{"@type":"WebPage","@id":"https:\/\/www.sicomsys.com\/fr\/shop\/161911a50104-panneau-secur-pan-615x42-multi-c21semblable-beton\/","url":"https:\/\/www.sicomsys.com\/fr\/shop\/161911a50104-panneau-secur-pan-615x42-multi-c21semblable-beton\/","name":"Sicom - 161911A50104 - Panneau SECUR-PAN 615x42 MULTI C21+SEMBLABLE B\u00c9TON","isPartOf":{"@id":"https:\/\/www.sicomsys.com\/#website"},"primaryImageOfPage":{"@id":"https:\/\/www.sicomsys.com\/fr\/shop\/161911a50104-panneau-secur-pan-615x42-multi-c21semblable-beton\/#primaryimage"},"image":{"@id":"https:\/\/www.sicomsys.com\/fr\/shop\/161911a50104-panneau-secur-pan-615x42-multi-c21semblable-beton\/#primaryimage"},"thumbnailUrl":"https:\/\/www.sicomsys.com\/wp-content\/uploads\/2023\/08\/img_7098-2.jpg","datePublished":"2023-08-04T11:33:10+00:00","dateModified":"2023-08-04T11:35:10+00:00","description":"Panneaux, SECUR-PAN touch multi | Art. 161911A50104 - Panneau SECUR-PAN 615x42 MULTI C21+SEMBLABLE B\u00c9TON | Sicom Sistemi e Componenti.","breadcrumb":{"@id":"https:\/\/www.sicomsys.com\/fr\/shop\/161911a50104-panneau-secur-pan-615x42-multi-c21semblable-beton\/#breadcrumb"},"inLanguage":"fr-FR","potentialAction":[{"@type":"ReadAction","target":["https:\/\/www.sicomsys.com\/fr\/shop\/161911a50104-panneau-secur-pan-615x42-multi-c21semblable-beton\/"]}]},{"@type":"ImageObject","inLanguage":"fr-FR","@id":"https:\/\/www.sicomsys.com\/fr\/shop\/161911a50104-panneau-secur-pan-615x42-multi-c21semblable-beton\/#primaryimage","url":"https:\/\/www.sicomsys.com\/wp-content\/uploads\/2023\/08\/img_7098-2.jpg","contentUrl":"https:\/\/www.sicomsys.com\/wp-content\/uploads\/2023\/08\/img_7098-2.jpg","width":640,"height":479},{"@type":"BreadcrumbList","@id":"https:\/\/www.sicomsys.com\/fr\/shop\/161911a50104-panneau-secur-pan-615x42-multi-c21semblable-beton\/#breadcrumb","itemListElement":[{"@type":"ListItem","position":1,"name":"Home","item":"https:\/\/www.sicomsys.com\/fr\/"},{"@type":"ListItem","position":2,"name":"Cat\u00e9gories de produits","item":"https:\/\/www.sicomsys.com\/fr\/shop\/"},{"@type":"ListItem","position":3,"name":"161911A50104 &#8211; Panneau SECUR-PAN 615&#215;42 MULTI C21+SEMBLABLE B\u00c9TON"}]},{"@type":"WebSite","@id":"https:\/\/www.sicomsys.com\/#website","url":"https:\/\/www.sicomsys.com\/","name":"Sicom Sistemi e Componenti","description":"Sicom - Gruppo Breda Chiusure","publisher":{"@id":"https:\/\/www.sicomsys.com\/#organization"},"potentialAction":[{"@type":"SearchAction","target":{"@type":"EntryPoint","urlTemplate":"https:\/\/www.sicomsys.com\/?s={search_term_string}"},"query-input":{"@type":"PropertyValueSpecification","valueRequired":true,"valueName":"search_term_string"}}],"inLanguage":"fr-FR"},{"@type":"Organization","@id":"https:\/\/www.sicomsys.com\/#organization","name":"Sicom Sistemi e Componenti","url":"https:\/\/www.sicomsys.com\/","logo":{"@type":"ImageObject","inLanguage":"fr-FR","@id":"https:\/\/www.sicomsys.com\/#\/schema\/logo\/image\/","url":"https:\/\/www.sicomsys.com\/wp-content\/uploads\/2019\/09\/Logo-Sicom-orizzontale-h100-2.png","contentUrl":"https:\/\/www.sicomsys.com\/wp-content\/uploads\/2019\/09\/Logo-Sicom-orizzontale-h100-2.png","width":522,"height":100,"caption":"Sicom Sistemi e Componenti"},"image":{"@id":"https:\/\/www.sicomsys.com\/#\/schema\/logo\/image\/"}}]}},"_links":{"self":[{"href":"https:\/\/www.sicomsys.com\/fr\/wp-json\/wp\/v2\/product\/235690","targetHints":{"allow":["GET"]}}],"collection":[{"href":"https:\/\/www.sicomsys.com\/fr\/wp-json\/wp\/v2\/product"}],"about":[{"href":"https:\/\/www.sicomsys.com\/fr\/wp-json\/wp\/v2\/types\/product"}],"replies":[{"embeddable":true,"href":"https:\/\/www.sicomsys.com\/fr\/wp-json\/wp\/v2\/comments?post=235690"}],"wp:featuredmedia":[{"embeddable":true,"href":"https:\/\/www.sicomsys.com\/fr\/wp-json\/wp\/v2\/media\/235691"}],"wp:attachment":[{"href":"https:\/\/www.sicomsys.com\/fr\/wp-json\/wp\/v2\/media?parent=235690"}],"wp:term":[{"taxonomy":"product_brand","embeddable":true,"href":"https:\/\/www.sicomsys.com\/fr\/wp-json\/wp\/v2\/product_brand?post=235690"},{"taxonomy":"product_cat","embeddable":true,"href":"https:\/\/www.sicomsys.com\/fr\/wp-json\/wp\/v2\/product_cat?post=235690"},{"taxonomy":"product_tag","embeddable":true,"href":"https:\/\/www.sicomsys.com\/fr\/wp-json\/wp\/v2\/product_tag?post=235690"}],"curies":[{"name":"wp","href":"https:\/\/api.w.org\/{rel}","templated":true}]}}