{"id":240286,"date":"2023-08-04T13:55:50","date_gmt":"2023-08-04T11:55:50","guid":{"rendered":"https:\/\/www.sicomsys.com\/shop\/1143001z0001-adaptateur-cones-6-00-152-pour-ressorts-doubles\/"},"modified":"2023-08-04T13:56:55","modified_gmt":"2023-08-04T11:56:55","slug":"1143001z0001-adaptateur-cones-6-00-152-pour-ressorts-doubles","status":"publish","type":"product","link":"https:\/\/www.sicomsys.com\/fr\/shop\/1143001z0001-adaptateur-cones-6-00-152-pour-ressorts-doubles\/","title":{"rendered":"1143001Z0001 &#8211; Adaptateur c\u00f4nes 6.00 152 pour ressorts doubles"},"content":{"rendered":"<p>Adaptateur c\u00f4nes 6.00 152 pour ressorts doubles<\/p>\n<p>Emballage: 10 &#8211; Poids: 0,063 kg par set.<\/p>","protected":false},"excerpt":{"rendered":"<p><b>Prix par set<\/b> <b><\/b><br \/>Emballage: 10 &#8211; Poids: 0,063 kg par set.<\/p>","protected":false},"featured_media":240287,"comment_status":"closed","ping_status":"open","template":"","meta":{"_monsterinsights_skip_tracking":false,"_monsterinsights_sitenote_active":false,"_monsterinsights_sitenote_note":"","_monsterinsights_sitenote_category":0},"product_brand":[],"product_cat":[787,778],"product_tag":[1013],"class_list":{"0":"post-240286","1":"product","2":"type-product","3":"status-publish","4":"has-post-thumbnail","6":"product_cat-cones-et-brides","7":"product_cat-ressorts-pour-balancement","8":"product_tag-composant-portes-sectionnelles","11":"first","12":"instock","13":"purchasable","14":"product-type-simple"},"yoast_head":"<!-- This site is optimized with the Yoast SEO plugin v27.1.1 - https:\/\/yoast.com\/product\/yoast-seo-wordpress\/ -->\n<title>Sicom - 1143001Z0001 - Adaptateur c\u00f4nes 6.00 152 pour ressorts doubles<\/title>\n<meta name=\"description\" content=\"C\u00f4nes et brides, Ressorts pour balancement | Art. 1143001Z0001 - Adaptateur c\u00f4nes 6.00 152 pour ressorts doubles | Sicom Sistemi e Componenti.\" \/>\n<meta name=\"robots\" content=\"index, follow, max-snippet:-1, max-image-preview:large, max-video-preview:-1\" \/>\n<link rel=\"canonical\" href=\"https:\/\/www.sicomsys.com\/fr\/shop\/1143001z0001-adaptateur-cones-6-00-152-pour-ressorts-doubles\/\" \/>\n<meta property=\"og:locale\" content=\"fr_FR\" \/>\n<meta property=\"og:type\" content=\"article\" \/>\n<meta property=\"og:title\" content=\"Sicom - 1143001Z0001 - Adaptateur c\u00f4nes 6.00 152 pour ressorts doubles\" \/>\n<meta property=\"og:description\" content=\"C\u00f4nes et brides, Ressorts pour balancement | Art. 1143001Z0001 - Adaptateur c\u00f4nes 6.00 152 pour ressorts doubles | Sicom Sistemi e Componenti.\" \/>\n<meta property=\"og:url\" content=\"https:\/\/www.sicomsys.com\/fr\/shop\/1143001z0001-adaptateur-cones-6-00-152-pour-ressorts-doubles\/\" \/>\n<meta property=\"og:site_name\" content=\"Sicom Sistemi e Componenti\" \/>\n<meta property=\"article:modified_time\" content=\"2023-08-04T11:56:55+00:00\" \/>\n<meta property=\"og:image\" content=\"https:\/\/www.sicomsys.com\/wp-content\/uploads\/2023\/08\/img_5420-2.jpg\" \/>\n\t<meta property=\"og:image:width\" content=\"640\" \/>\n\t<meta property=\"og:image:height\" content=\"480\" \/>\n\t<meta property=\"og:image:type\" content=\"image\/jpeg\" \/>\n<meta name=\"twitter:card\" content=\"summary_large_image\" \/>\n<script type=\"application\/ld+json\" class=\"yoast-schema-graph\">{\"@context\":\"https:\/\/schema.org\",\"@graph\":[{\"@type\":\"WebPage\",\"@id\":\"https:\/\/www.sicomsys.com\/fr\/shop\/1143001z0001-adaptateur-cones-6-00-152-pour-ressorts-doubles\/\",\"url\":\"https:\/\/www.sicomsys.com\/fr\/shop\/1143001z0001-adaptateur-cones-6-00-152-pour-ressorts-doubles\/\",\"name\":\"Sicom - 1143001Z0001 - Adaptateur c\u00f4nes 6.00 152 pour ressorts doubles\",\"isPartOf\":{\"@id\":\"https:\/\/www.sicomsys.com\/#website\"},\"primaryImageOfPage\":{\"@id\":\"https:\/\/www.sicomsys.com\/fr\/shop\/1143001z0001-adaptateur-cones-6-00-152-pour-ressorts-doubles\/#primaryimage\"},\"image\":{\"@id\":\"https:\/\/www.sicomsys.com\/fr\/shop\/1143001z0001-adaptateur-cones-6-00-152-pour-ressorts-doubles\/#primaryimage\"},\"thumbnailUrl\":\"https:\/\/www.sicomsys.com\/wp-content\/uploads\/2023\/08\/img_5420-2.jpg\",\"datePublished\":\"2023-08-04T11:55:50+00:00\",\"dateModified\":\"2023-08-04T11:56:55+00:00\",\"description\":\"C\u00f4nes et brides, Ressorts pour balancement | Art. 1143001Z0001 - Adaptateur c\u00f4nes 6.00 152 pour ressorts doubles | Sicom Sistemi e Componenti.\",\"breadcrumb\":{\"@id\":\"https:\/\/www.sicomsys.com\/fr\/shop\/1143001z0001-adaptateur-cones-6-00-152-pour-ressorts-doubles\/#breadcrumb\"},\"inLanguage\":\"fr-FR\",\"potentialAction\":[{\"@type\":\"ReadAction\",\"target\":[\"https:\/\/www.sicomsys.com\/fr\/shop\/1143001z0001-adaptateur-cones-6-00-152-pour-ressorts-doubles\/\"]}]},{\"@type\":\"ImageObject\",\"inLanguage\":\"fr-FR\",\"@id\":\"https:\/\/www.sicomsys.com\/fr\/shop\/1143001z0001-adaptateur-cones-6-00-152-pour-ressorts-doubles\/#primaryimage\",\"url\":\"https:\/\/www.sicomsys.com\/wp-content\/uploads\/2023\/08\/img_5420-2.jpg\",\"contentUrl\":\"https:\/\/www.sicomsys.com\/wp-content\/uploads\/2023\/08\/img_5420-2.jpg\",\"width\":640,\"height\":480},{\"@type\":\"BreadcrumbList\",\"@id\":\"https:\/\/www.sicomsys.com\/fr\/shop\/1143001z0001-adaptateur-cones-6-00-152-pour-ressorts-doubles\/#breadcrumb\",\"itemListElement\":[{\"@type\":\"ListItem\",\"position\":1,\"name\":\"Home\",\"item\":\"https:\/\/www.sicomsys.com\/fr\/\"},{\"@type\":\"ListItem\",\"position\":2,\"name\":\"Cat\u00e9gories de produits\",\"item\":\"https:\/\/www.sicomsys.com\/fr\/shop\/\"},{\"@type\":\"ListItem\",\"position\":3,\"name\":\"1143001Z0001 &#8211; Adaptateur c\u00f4nes 6.00 152 pour ressorts doubles\"}]},{\"@type\":\"WebSite\",\"@id\":\"https:\/\/www.sicomsys.com\/#website\",\"url\":\"https:\/\/www.sicomsys.com\/\",\"name\":\"Sicom Sistemi e Componenti\",\"description\":\"Sicom - Gruppo Breda Chiusure\",\"publisher\":{\"@id\":\"https:\/\/www.sicomsys.com\/#organization\"},\"potentialAction\":[{\"@type\":\"SearchAction\",\"target\":{\"@type\":\"EntryPoint\",\"urlTemplate\":\"https:\/\/www.sicomsys.com\/?s={search_term_string}\"},\"query-input\":{\"@type\":\"PropertyValueSpecification\",\"valueRequired\":true,\"valueName\":\"search_term_string\"}}],\"inLanguage\":\"fr-FR\"},{\"@type\":\"Organization\",\"@id\":\"https:\/\/www.sicomsys.com\/#organization\",\"name\":\"Sicom Sistemi e Componenti\",\"url\":\"https:\/\/www.sicomsys.com\/\",\"logo\":{\"@type\":\"ImageObject\",\"inLanguage\":\"fr-FR\",\"@id\":\"https:\/\/www.sicomsys.com\/#\/schema\/logo\/image\/\",\"url\":\"https:\/\/www.sicomsys.com\/wp-content\/uploads\/2019\/09\/Logo-Sicom-orizzontale-h100-2.png\",\"contentUrl\":\"https:\/\/www.sicomsys.com\/wp-content\/uploads\/2019\/09\/Logo-Sicom-orizzontale-h100-2.png\",\"width\":522,\"height\":100,\"caption\":\"Sicom Sistemi e Componenti\"},\"image\":{\"@id\":\"https:\/\/www.sicomsys.com\/#\/schema\/logo\/image\/\"}}]}<\/script>\n<!-- \/ Yoast SEO plugin. -->","yoast_head_json":{"title":"Sicom - 1143001Z0001 - Adaptateur c\u00f4nes 6.00 152 pour ressorts doubles","description":"C\u00f4nes et brides, Ressorts pour balancement | Art. 1143001Z0001 - Adaptateur c\u00f4nes 6.00 152 pour ressorts doubles | Sicom Sistemi e Componenti.","robots":{"index":"index","follow":"follow","max-snippet":"max-snippet:-1","max-image-preview":"max-image-preview:large","max-video-preview":"max-video-preview:-1"},"canonical":"https:\/\/www.sicomsys.com\/fr\/shop\/1143001z0001-adaptateur-cones-6-00-152-pour-ressorts-doubles\/","og_locale":"fr_FR","og_type":"article","og_title":"Sicom - 1143001Z0001 - Adaptateur c\u00f4nes 6.00 152 pour ressorts doubles","og_description":"C\u00f4nes et brides, Ressorts pour balancement | Art. 1143001Z0001 - Adaptateur c\u00f4nes 6.00 152 pour ressorts doubles | Sicom Sistemi e Componenti.","og_url":"https:\/\/www.sicomsys.com\/fr\/shop\/1143001z0001-adaptateur-cones-6-00-152-pour-ressorts-doubles\/","og_site_name":"Sicom Sistemi e Componenti","article_modified_time":"2023-08-04T11:56:55+00:00","og_image":[{"width":640,"height":480,"url":"https:\/\/www.sicomsys.com\/wp-content\/uploads\/2023\/08\/img_5420-2.jpg","type":"image\/jpeg"}],"twitter_card":"summary_large_image","schema":{"@context":"https:\/\/schema.org","@graph":[{"@type":"WebPage","@id":"https:\/\/www.sicomsys.com\/fr\/shop\/1143001z0001-adaptateur-cones-6-00-152-pour-ressorts-doubles\/","url":"https:\/\/www.sicomsys.com\/fr\/shop\/1143001z0001-adaptateur-cones-6-00-152-pour-ressorts-doubles\/","name":"Sicom - 1143001Z0001 - Adaptateur c\u00f4nes 6.00 152 pour ressorts doubles","isPartOf":{"@id":"https:\/\/www.sicomsys.com\/#website"},"primaryImageOfPage":{"@id":"https:\/\/www.sicomsys.com\/fr\/shop\/1143001z0001-adaptateur-cones-6-00-152-pour-ressorts-doubles\/#primaryimage"},"image":{"@id":"https:\/\/www.sicomsys.com\/fr\/shop\/1143001z0001-adaptateur-cones-6-00-152-pour-ressorts-doubles\/#primaryimage"},"thumbnailUrl":"https:\/\/www.sicomsys.com\/wp-content\/uploads\/2023\/08\/img_5420-2.jpg","datePublished":"2023-08-04T11:55:50+00:00","dateModified":"2023-08-04T11:56:55+00:00","description":"C\u00f4nes et brides, Ressorts pour balancement | Art. 1143001Z0001 - Adaptateur c\u00f4nes 6.00 152 pour ressorts doubles | Sicom Sistemi e Componenti.","breadcrumb":{"@id":"https:\/\/www.sicomsys.com\/fr\/shop\/1143001z0001-adaptateur-cones-6-00-152-pour-ressorts-doubles\/#breadcrumb"},"inLanguage":"fr-FR","potentialAction":[{"@type":"ReadAction","target":["https:\/\/www.sicomsys.com\/fr\/shop\/1143001z0001-adaptateur-cones-6-00-152-pour-ressorts-doubles\/"]}]},{"@type":"ImageObject","inLanguage":"fr-FR","@id":"https:\/\/www.sicomsys.com\/fr\/shop\/1143001z0001-adaptateur-cones-6-00-152-pour-ressorts-doubles\/#primaryimage","url":"https:\/\/www.sicomsys.com\/wp-content\/uploads\/2023\/08\/img_5420-2.jpg","contentUrl":"https:\/\/www.sicomsys.com\/wp-content\/uploads\/2023\/08\/img_5420-2.jpg","width":640,"height":480},{"@type":"BreadcrumbList","@id":"https:\/\/www.sicomsys.com\/fr\/shop\/1143001z0001-adaptateur-cones-6-00-152-pour-ressorts-doubles\/#breadcrumb","itemListElement":[{"@type":"ListItem","position":1,"name":"Home","item":"https:\/\/www.sicomsys.com\/fr\/"},{"@type":"ListItem","position":2,"name":"Cat\u00e9gories de produits","item":"https:\/\/www.sicomsys.com\/fr\/shop\/"},{"@type":"ListItem","position":3,"name":"1143001Z0001 &#8211; Adaptateur c\u00f4nes 6.00 152 pour ressorts doubles"}]},{"@type":"WebSite","@id":"https:\/\/www.sicomsys.com\/#website","url":"https:\/\/www.sicomsys.com\/","name":"Sicom Sistemi e Componenti","description":"Sicom - Gruppo Breda Chiusure","publisher":{"@id":"https:\/\/www.sicomsys.com\/#organization"},"potentialAction":[{"@type":"SearchAction","target":{"@type":"EntryPoint","urlTemplate":"https:\/\/www.sicomsys.com\/?s={search_term_string}"},"query-input":{"@type":"PropertyValueSpecification","valueRequired":true,"valueName":"search_term_string"}}],"inLanguage":"fr-FR"},{"@type":"Organization","@id":"https:\/\/www.sicomsys.com\/#organization","name":"Sicom Sistemi e Componenti","url":"https:\/\/www.sicomsys.com\/","logo":{"@type":"ImageObject","inLanguage":"fr-FR","@id":"https:\/\/www.sicomsys.com\/#\/schema\/logo\/image\/","url":"https:\/\/www.sicomsys.com\/wp-content\/uploads\/2019\/09\/Logo-Sicom-orizzontale-h100-2.png","contentUrl":"https:\/\/www.sicomsys.com\/wp-content\/uploads\/2019\/09\/Logo-Sicom-orizzontale-h100-2.png","width":522,"height":100,"caption":"Sicom Sistemi e Componenti"},"image":{"@id":"https:\/\/www.sicomsys.com\/#\/schema\/logo\/image\/"}}]}},"_links":{"self":[{"href":"https:\/\/www.sicomsys.com\/fr\/wp-json\/wp\/v2\/product\/240286","targetHints":{"allow":["GET"]}}],"collection":[{"href":"https:\/\/www.sicomsys.com\/fr\/wp-json\/wp\/v2\/product"}],"about":[{"href":"https:\/\/www.sicomsys.com\/fr\/wp-json\/wp\/v2\/types\/product"}],"replies":[{"embeddable":true,"href":"https:\/\/www.sicomsys.com\/fr\/wp-json\/wp\/v2\/comments?post=240286"}],"wp:featuredmedia":[{"embeddable":true,"href":"https:\/\/www.sicomsys.com\/fr\/wp-json\/wp\/v2\/media\/240287"}],"wp:attachment":[{"href":"https:\/\/www.sicomsys.com\/fr\/wp-json\/wp\/v2\/media?parent=240286"}],"wp:term":[{"taxonomy":"product_brand","embeddable":true,"href":"https:\/\/www.sicomsys.com\/fr\/wp-json\/wp\/v2\/product_brand?post=240286"},{"taxonomy":"product_cat","embeddable":true,"href":"https:\/\/www.sicomsys.com\/fr\/wp-json\/wp\/v2\/product_cat?post=240286"},{"taxonomy":"product_tag","embeddable":true,"href":"https:\/\/www.sicomsys.com\/fr\/wp-json\/wp\/v2\/product_tag?post=240286"}],"curies":[{"name":"wp","href":"https:\/\/api.w.org\/{rel}","templated":true}]}}