{"id":243760,"date":"2023-08-04T14:13:23","date_gmt":"2023-08-04T12:13:23","guid":{"rendered":"https:\/\/www.sicomsys.com\/shop\/2405030z0202-boutoir-au-sol-pour-cremone-galvanise\/"},"modified":"2023-08-04T14:13:55","modified_gmt":"2023-08-04T12:13:55","slug":"2405030z0202-boutoir-au-sol-pour-cremone-galvanise","status":"publish","type":"product","link":"https:\/\/www.sicomsys.com\/fr\/shop\/2405030z0202-boutoir-au-sol-pour-cremone-galvanise\/","title":{"rendered":"2405030Z0202 &#8211; Boutoir au sol pour cr\u00e9mone &#8211; galvanis\u00e9"},"content":{"rendered":"<p>Boutoir au sol pour cr\u00e9mone &#8211; galvanis\u00e9<\/p>\n<p>Emballage: 20 &#8211; Poids: 0,118 kg \u00e0 pi\u00e8ce.<\/p>","protected":false},"excerpt":{"rendered":"<p><b>Prix \u00e0 pi\u00e8ce<\/b> <b><\/b><br \/>Emballage: 20 &#8211; Poids: 0,118 kg \u00e0 pi\u00e8ce.<\/p>","protected":false},"featured_media":243761,"comment_status":"closed","ping_status":"open","template":"","meta":{"_monsterinsights_skip_tracking":false,"_monsterinsights_sitenote_active":false,"_monsterinsights_sitenote_note":"","_monsterinsights_sitenote_category":0},"product_brand":[],"product_cat":[658,649],"product_tag":[1012],"class_list":{"0":"post-243760","1":"product","2":"type-product","3":"status-publish","4":"has-post-thumbnail","6":"product_cat-poignees-et-cremones","7":"product_cat-accessoires-pour-vantaux-porte-pliante","8":"product_tag-composant-portes-pliantes","11":"first","12":"instock","13":"purchasable","14":"product-type-simple"},"yoast_head":"<!-- This site is optimized with the Yoast SEO plugin v27.1.1 - https:\/\/yoast.com\/product\/yoast-seo-wordpress\/ -->\n<title>Sicom - 2405030Z0202 - Boutoir au sol pour cr\u00e9mone - galvanis\u00e9<\/title>\n<meta name=\"description\" content=\"Poign\u00e9es et Cr\u00e9mones, Accessoires pour vantaux porte pliante | Art. 2405030Z0202 - Boutoir au sol pour cr\u00e9mone - galvanis\u00e9 | Sicom Sistemi e Componenti.\" \/>\n<meta name=\"robots\" content=\"index, follow, max-snippet:-1, max-image-preview:large, max-video-preview:-1\" \/>\n<link rel=\"canonical\" href=\"https:\/\/www.sicomsys.com\/fr\/shop\/2405030z0202-boutoir-au-sol-pour-cremone-galvanise\/\" \/>\n<meta property=\"og:locale\" content=\"fr_FR\" \/>\n<meta property=\"og:type\" content=\"article\" \/>\n<meta property=\"og:title\" content=\"Sicom - 2405030Z0202 - Boutoir au sol pour cr\u00e9mone - galvanis\u00e9\" \/>\n<meta property=\"og:description\" content=\"Poign\u00e9es et Cr\u00e9mones, Accessoires pour vantaux porte pliante | Art. 2405030Z0202 - Boutoir au sol pour cr\u00e9mone - galvanis\u00e9 | Sicom Sistemi e Componenti.\" \/>\n<meta property=\"og:url\" content=\"https:\/\/www.sicomsys.com\/fr\/shop\/2405030z0202-boutoir-au-sol-pour-cremone-galvanise\/\" \/>\n<meta property=\"og:site_name\" content=\"Sicom Sistemi e Componenti\" \/>\n<meta property=\"article:modified_time\" content=\"2023-08-04T12:13:55+00:00\" \/>\n<meta property=\"og:image\" content=\"https:\/\/www.sicomsys.com\/wp-content\/uploads\/2023\/08\/img_1707-2.jpg\" \/>\n\t<meta property=\"og:image:width\" content=\"640\" \/>\n\t<meta property=\"og:image:height\" content=\"480\" \/>\n\t<meta property=\"og:image:type\" content=\"image\/jpeg\" \/>\n<meta name=\"twitter:card\" content=\"summary_large_image\" \/>\n<script type=\"application\/ld+json\" class=\"yoast-schema-graph\">{\"@context\":\"https:\/\/schema.org\",\"@graph\":[{\"@type\":\"WebPage\",\"@id\":\"https:\/\/www.sicomsys.com\/fr\/shop\/2405030z0202-boutoir-au-sol-pour-cremone-galvanise\/\",\"url\":\"https:\/\/www.sicomsys.com\/fr\/shop\/2405030z0202-boutoir-au-sol-pour-cremone-galvanise\/\",\"name\":\"Sicom - 2405030Z0202 - Boutoir au sol pour cr\u00e9mone - galvanis\u00e9\",\"isPartOf\":{\"@id\":\"https:\/\/www.sicomsys.com\/#website\"},\"primaryImageOfPage\":{\"@id\":\"https:\/\/www.sicomsys.com\/fr\/shop\/2405030z0202-boutoir-au-sol-pour-cremone-galvanise\/#primaryimage\"},\"image\":{\"@id\":\"https:\/\/www.sicomsys.com\/fr\/shop\/2405030z0202-boutoir-au-sol-pour-cremone-galvanise\/#primaryimage\"},\"thumbnailUrl\":\"https:\/\/www.sicomsys.com\/wp-content\/uploads\/2023\/08\/img_1707-2.jpg\",\"datePublished\":\"2023-08-04T12:13:23+00:00\",\"dateModified\":\"2023-08-04T12:13:55+00:00\",\"description\":\"Poign\u00e9es et Cr\u00e9mones, Accessoires pour vantaux porte pliante | Art. 2405030Z0202 - Boutoir au sol pour cr\u00e9mone - galvanis\u00e9 | Sicom Sistemi e Componenti.\",\"breadcrumb\":{\"@id\":\"https:\/\/www.sicomsys.com\/fr\/shop\/2405030z0202-boutoir-au-sol-pour-cremone-galvanise\/#breadcrumb\"},\"inLanguage\":\"fr-FR\",\"potentialAction\":[{\"@type\":\"ReadAction\",\"target\":[\"https:\/\/www.sicomsys.com\/fr\/shop\/2405030z0202-boutoir-au-sol-pour-cremone-galvanise\/\"]}]},{\"@type\":\"ImageObject\",\"inLanguage\":\"fr-FR\",\"@id\":\"https:\/\/www.sicomsys.com\/fr\/shop\/2405030z0202-boutoir-au-sol-pour-cremone-galvanise\/#primaryimage\",\"url\":\"https:\/\/www.sicomsys.com\/wp-content\/uploads\/2023\/08\/img_1707-2.jpg\",\"contentUrl\":\"https:\/\/www.sicomsys.com\/wp-content\/uploads\/2023\/08\/img_1707-2.jpg\",\"width\":640,\"height\":480},{\"@type\":\"BreadcrumbList\",\"@id\":\"https:\/\/www.sicomsys.com\/fr\/shop\/2405030z0202-boutoir-au-sol-pour-cremone-galvanise\/#breadcrumb\",\"itemListElement\":[{\"@type\":\"ListItem\",\"position\":1,\"name\":\"Home\",\"item\":\"https:\/\/www.sicomsys.com\/fr\/\"},{\"@type\":\"ListItem\",\"position\":2,\"name\":\"Cat\u00e9gories de produits\",\"item\":\"https:\/\/www.sicomsys.com\/fr\/shop\/\"},{\"@type\":\"ListItem\",\"position\":3,\"name\":\"2405030Z0202 &#8211; Boutoir au sol pour cr\u00e9mone &#8211; galvanis\u00e9\"}]},{\"@type\":\"WebSite\",\"@id\":\"https:\/\/www.sicomsys.com\/#website\",\"url\":\"https:\/\/www.sicomsys.com\/\",\"name\":\"Sicom Sistemi e Componenti\",\"description\":\"Sicom - Gruppo Breda Chiusure\",\"publisher\":{\"@id\":\"https:\/\/www.sicomsys.com\/#organization\"},\"potentialAction\":[{\"@type\":\"SearchAction\",\"target\":{\"@type\":\"EntryPoint\",\"urlTemplate\":\"https:\/\/www.sicomsys.com\/?s={search_term_string}\"},\"query-input\":{\"@type\":\"PropertyValueSpecification\",\"valueRequired\":true,\"valueName\":\"search_term_string\"}}],\"inLanguage\":\"fr-FR\"},{\"@type\":\"Organization\",\"@id\":\"https:\/\/www.sicomsys.com\/#organization\",\"name\":\"Sicom Sistemi e Componenti\",\"url\":\"https:\/\/www.sicomsys.com\/\",\"logo\":{\"@type\":\"ImageObject\",\"inLanguage\":\"fr-FR\",\"@id\":\"https:\/\/www.sicomsys.com\/#\/schema\/logo\/image\/\",\"url\":\"https:\/\/www.sicomsys.com\/wp-content\/uploads\/2019\/09\/Logo-Sicom-orizzontale-h100-2.png\",\"contentUrl\":\"https:\/\/www.sicomsys.com\/wp-content\/uploads\/2019\/09\/Logo-Sicom-orizzontale-h100-2.png\",\"width\":522,\"height\":100,\"caption\":\"Sicom Sistemi e Componenti\"},\"image\":{\"@id\":\"https:\/\/www.sicomsys.com\/#\/schema\/logo\/image\/\"}}]}<\/script>\n<!-- \/ Yoast SEO plugin. -->","yoast_head_json":{"title":"Sicom - 2405030Z0202 - Boutoir au sol pour cr\u00e9mone - galvanis\u00e9","description":"Poign\u00e9es et Cr\u00e9mones, Accessoires pour vantaux porte pliante | Art. 2405030Z0202 - Boutoir au sol pour cr\u00e9mone - galvanis\u00e9 | Sicom Sistemi e Componenti.","robots":{"index":"index","follow":"follow","max-snippet":"max-snippet:-1","max-image-preview":"max-image-preview:large","max-video-preview":"max-video-preview:-1"},"canonical":"https:\/\/www.sicomsys.com\/fr\/shop\/2405030z0202-boutoir-au-sol-pour-cremone-galvanise\/","og_locale":"fr_FR","og_type":"article","og_title":"Sicom - 2405030Z0202 - Boutoir au sol pour cr\u00e9mone - galvanis\u00e9","og_description":"Poign\u00e9es et Cr\u00e9mones, Accessoires pour vantaux porte pliante | Art. 2405030Z0202 - Boutoir au sol pour cr\u00e9mone - galvanis\u00e9 | Sicom Sistemi e Componenti.","og_url":"https:\/\/www.sicomsys.com\/fr\/shop\/2405030z0202-boutoir-au-sol-pour-cremone-galvanise\/","og_site_name":"Sicom Sistemi e Componenti","article_modified_time":"2023-08-04T12:13:55+00:00","og_image":[{"width":640,"height":480,"url":"https:\/\/www.sicomsys.com\/wp-content\/uploads\/2023\/08\/img_1707-2.jpg","type":"image\/jpeg"}],"twitter_card":"summary_large_image","schema":{"@context":"https:\/\/schema.org","@graph":[{"@type":"WebPage","@id":"https:\/\/www.sicomsys.com\/fr\/shop\/2405030z0202-boutoir-au-sol-pour-cremone-galvanise\/","url":"https:\/\/www.sicomsys.com\/fr\/shop\/2405030z0202-boutoir-au-sol-pour-cremone-galvanise\/","name":"Sicom - 2405030Z0202 - Boutoir au sol pour cr\u00e9mone - galvanis\u00e9","isPartOf":{"@id":"https:\/\/www.sicomsys.com\/#website"},"primaryImageOfPage":{"@id":"https:\/\/www.sicomsys.com\/fr\/shop\/2405030z0202-boutoir-au-sol-pour-cremone-galvanise\/#primaryimage"},"image":{"@id":"https:\/\/www.sicomsys.com\/fr\/shop\/2405030z0202-boutoir-au-sol-pour-cremone-galvanise\/#primaryimage"},"thumbnailUrl":"https:\/\/www.sicomsys.com\/wp-content\/uploads\/2023\/08\/img_1707-2.jpg","datePublished":"2023-08-04T12:13:23+00:00","dateModified":"2023-08-04T12:13:55+00:00","description":"Poign\u00e9es et Cr\u00e9mones, Accessoires pour vantaux porte pliante | Art. 2405030Z0202 - Boutoir au sol pour cr\u00e9mone - galvanis\u00e9 | Sicom Sistemi e Componenti.","breadcrumb":{"@id":"https:\/\/www.sicomsys.com\/fr\/shop\/2405030z0202-boutoir-au-sol-pour-cremone-galvanise\/#breadcrumb"},"inLanguage":"fr-FR","potentialAction":[{"@type":"ReadAction","target":["https:\/\/www.sicomsys.com\/fr\/shop\/2405030z0202-boutoir-au-sol-pour-cremone-galvanise\/"]}]},{"@type":"ImageObject","inLanguage":"fr-FR","@id":"https:\/\/www.sicomsys.com\/fr\/shop\/2405030z0202-boutoir-au-sol-pour-cremone-galvanise\/#primaryimage","url":"https:\/\/www.sicomsys.com\/wp-content\/uploads\/2023\/08\/img_1707-2.jpg","contentUrl":"https:\/\/www.sicomsys.com\/wp-content\/uploads\/2023\/08\/img_1707-2.jpg","width":640,"height":480},{"@type":"BreadcrumbList","@id":"https:\/\/www.sicomsys.com\/fr\/shop\/2405030z0202-boutoir-au-sol-pour-cremone-galvanise\/#breadcrumb","itemListElement":[{"@type":"ListItem","position":1,"name":"Home","item":"https:\/\/www.sicomsys.com\/fr\/"},{"@type":"ListItem","position":2,"name":"Cat\u00e9gories de produits","item":"https:\/\/www.sicomsys.com\/fr\/shop\/"},{"@type":"ListItem","position":3,"name":"2405030Z0202 &#8211; Boutoir au sol pour cr\u00e9mone &#8211; galvanis\u00e9"}]},{"@type":"WebSite","@id":"https:\/\/www.sicomsys.com\/#website","url":"https:\/\/www.sicomsys.com\/","name":"Sicom Sistemi e Componenti","description":"Sicom - Gruppo Breda Chiusure","publisher":{"@id":"https:\/\/www.sicomsys.com\/#organization"},"potentialAction":[{"@type":"SearchAction","target":{"@type":"EntryPoint","urlTemplate":"https:\/\/www.sicomsys.com\/?s={search_term_string}"},"query-input":{"@type":"PropertyValueSpecification","valueRequired":true,"valueName":"search_term_string"}}],"inLanguage":"fr-FR"},{"@type":"Organization","@id":"https:\/\/www.sicomsys.com\/#organization","name":"Sicom Sistemi e Componenti","url":"https:\/\/www.sicomsys.com\/","logo":{"@type":"ImageObject","inLanguage":"fr-FR","@id":"https:\/\/www.sicomsys.com\/#\/schema\/logo\/image\/","url":"https:\/\/www.sicomsys.com\/wp-content\/uploads\/2019\/09\/Logo-Sicom-orizzontale-h100-2.png","contentUrl":"https:\/\/www.sicomsys.com\/wp-content\/uploads\/2019\/09\/Logo-Sicom-orizzontale-h100-2.png","width":522,"height":100,"caption":"Sicom Sistemi e Componenti"},"image":{"@id":"https:\/\/www.sicomsys.com\/#\/schema\/logo\/image\/"}}]}},"_links":{"self":[{"href":"https:\/\/www.sicomsys.com\/fr\/wp-json\/wp\/v2\/product\/243760","targetHints":{"allow":["GET"]}}],"collection":[{"href":"https:\/\/www.sicomsys.com\/fr\/wp-json\/wp\/v2\/product"}],"about":[{"href":"https:\/\/www.sicomsys.com\/fr\/wp-json\/wp\/v2\/types\/product"}],"replies":[{"embeddable":true,"href":"https:\/\/www.sicomsys.com\/fr\/wp-json\/wp\/v2\/comments?post=243760"}],"wp:featuredmedia":[{"embeddable":true,"href":"https:\/\/www.sicomsys.com\/fr\/wp-json\/wp\/v2\/media\/243761"}],"wp:attachment":[{"href":"https:\/\/www.sicomsys.com\/fr\/wp-json\/wp\/v2\/media?parent=243760"}],"wp:term":[{"taxonomy":"product_brand","embeddable":true,"href":"https:\/\/www.sicomsys.com\/fr\/wp-json\/wp\/v2\/product_brand?post=243760"},{"taxonomy":"product_cat","embeddable":true,"href":"https:\/\/www.sicomsys.com\/fr\/wp-json\/wp\/v2\/product_cat?post=243760"},{"taxonomy":"product_tag","embeddable":true,"href":"https:\/\/www.sicomsys.com\/fr\/wp-json\/wp\/v2\/product_tag?post=243760"}],"curies":[{"name":"wp","href":"https:\/\/api.w.org\/{rel}","templated":true}]}}